{"id":1699,"date":"2022-10-19T14:45:33","date_gmt":"2022-10-19T17:45:33","guid":{"rendered":"https:\/\/afip-prod-brz-informalcool.azurewebsites.net\/?page_id=1699"},"modified":"2025-03-05T15:02:33","modified_gmt":"2025-03-05T18:02:33","slug":"centros-de-atencao-psicossocial-caps-ad","status":"publish","type":"page","link":"https:\/\/informalcool.org.br\/es\/locais-de-atendimento\/centros-de-atencao-psicossocial-caps-ad\/","title":{"rendered":"Centros de Aten\u00e7\u00e3o Psicossocial &#8211; CAPS AD"},"content":{"rendered":"<div data-elementor-type=\"wp-page\" data-elementor-id=\"1699\" class=\"elementor elementor-1699\">\n\t\t\t\t\t\t\t\t\t<section class=\"elementor-section elementor-top-section elementor-element elementor-element-51618bd elementor-section-boxed elementor-section-height-default elementor-section-height-default\" data-id=\"51618bd\" data-element_type=\"section\">\n\t\t\t\t\t\t<div class=\"elementor-container elementor-column-gap-default\">\n\t\t\t\t\t<div class=\"elementor-column elementor-col-100 elementor-top-column elementor-element elementor-element-fd5f369\" data-id=\"fd5f369\" data-element_type=\"column\">\n\t\t\t<div class=\"elementor-widget-wrap elementor-element-populated\">\n\t\t\t\t\t\t\t\t<div class=\"elementor-element elementor-element-c9f43ac elementor-widget elementor-widget-heading\" data-id=\"c9f43ac\" data-element_type=\"widget\" data-widget_type=\"heading.default\">\n\t\t\t\t<div class=\"elementor-widget-container\">\n\t\t\t<h2 class=\"elementor-heading-title elementor-size-default\">Centros Comunitarios de Salud Mental y Adicciones (UNEME-CECOSAMA)<\/h2>\t\t<\/div>\n\t\t\t\t<\/div>\n\t\t\t\t<div class=\"elementor-element elementor-element-cbe6c5f elementor-widget elementor-widget-text-editor\" data-id=\"cbe6c5f\" data-element_type=\"widget\" data-widget_type=\"text-editor.default\">\n\t\t\t\t<div class=\"elementor-widget-container\">\n\t\t\t\t\t\t\t<p>Los UNEME-CECOSAMA son unidades que brindan servicios gratuitos, dirigidos a prevenir y atender el uso y abuso de sustancias adictivas.<\/p><h3>\u00bfPara qu\u00e9 existen los UNEME-CECOSAMA?<\/h3><p>Para ofrecer a la comunidad un modelo de intervenci\u00f3n temprana contra las adicciones que contemple desde la prevenci\u00f3n del consumo de sustancias con potencial adictivo y la promoci\u00f3n de la salud mental, hasta el tratamiento breve, ambulatorio, accesible y de calidad.<\/p><p>Se otorga prioridad a la detecci\u00f3n temprana de personas con mayor vulnerabilidad, consumidores experimentales y sus familias, para evitar el desarrollo de trastornos por abuso o dependencia.<\/p><h3>Servicios<\/h3><ul><li><span style=\"text-decoration: underline;\"><strong>Prevenci\u00f3n: <\/strong><\/span>El objetivo de las acciones preventivas es informar a la poblaci\u00f3n acerca de los efectos, riesgos y consecuencias del uso de sustancias adictivas, de las estrategias para prevenir el consumo, as\u00ed como de los servicios especializados para la atenci\u00f3n de las adicciones.<\/li><li><span style=\"text-decoration: underline;\"><strong>Tratamiento: <\/strong><\/span>El objetivo del tratamiento es ayudar a los usuarios de sustancias adictivas y a sus familiares a desarrollar y aplicar estrategias para modificar la conducta de consumo y los problemas derivados.<\/li><\/ul><h3>Directorio Nacional de los Centros de Comunitarios de Salud Mental y Adicciones<\/h3><p><a href=\"https:\/\/www.gob.mx\/salud\/conadic\/documentos\/directorio-nacional-uneme-cecosama\" target=\"_blank\" rel=\"noopener\">https:\/\/www.gob.mx\/salud\/conadic\/documentos\/directorio-nacional-uneme-cecosama<\/a><\/p><p><strong>Centro de Salud Mental y Adicciones en la Comunidad (CESAMAC)<br \/><\/strong>Rep\u00fablica de Venezuela No. 72, esquina con Rodr\u00edguez Puebla, Altos del Mercado \u201cAbelardo L. Rodr\u00edguez\u201d, Colonia Centro, Alcald\u00eda Cuauht\u00e9moc, Ciudad de M\u00e9xico C. P. 06010<\/p><p><span style=\"text-decoration: underline;\">Horario de Atenci\u00f3n:<\/span><br \/>Lunes a viernes de 8:00 a 16:00. M\u00f3dulo de Recepci\u00f3n y Caja cierran a las 15:30 horas. El CESAMAC cierra a las 16:00 horas.<\/p><p><span style=\"text-decoration: underline;\">Informes:<\/span><br \/>55-4160-2268 y 55-4169-2269<\/p>\t\t\t\t\t\t<\/div>\n\t\t\t\t<\/div>\n\t\t\t\t\t<\/div>\n\t\t<\/div>\n\t\t\t\t\t\t\t<\/div>\n\t\t<\/section>\n\t\t\t\t\t\t\t<\/div>","protected":false},"excerpt":{"rendered":"<p>Centros de Aten\u00e7\u00e3o Psicossocial (CAPS-AD) Os CAPS tem um papel estrat\u00e9gico na articula\u00e7\u00e3o, assist\u00eancia e regula\u00e7\u00e3o da rede de sa\u00fade.\u00a0 Segundo o Minist\u00e9rio da Sa\u00fade os CAPS \u201cS\u00e3o pontos de aten\u00e7\u00e3o estrat\u00e9gica da Rede de Aten\u00e7\u00e3o Psicossocial (RAPS). Unidades que prestam servi\u00e7os de sa\u00fade de car\u00e1ter aberto e comunit\u00e1rio, constitu\u00eddo por equipe multiprofissional que atua [&hellip;]<\/p>","protected":false},"author":5,"featured_media":0,"parent":1430,"menu_order":0,"comment_status":"closed","ping_status":"closed","template":"","meta":{"footnotes":""},"class_list":["post-1699","page","type-page","status-publish","hentry"],"acf":[],"_links":{"self":[{"href":"https:\/\/informalcool.org.br\/es\/wp-json\/wp\/v2\/pages\/1699","targetHints":{"allow":["GET"]}}],"collection":[{"href":"https:\/\/informalcool.org.br\/es\/wp-json\/wp\/v2\/pages"}],"about":[{"href":"https:\/\/informalcool.org.br\/es\/wp-json\/wp\/v2\/types\/page"}],"author":[{"embeddable":true,"href":"https:\/\/informalcool.org.br\/es\/wp-json\/wp\/v2\/users\/5"}],"replies":[{"embeddable":true,"href":"https:\/\/informalcool.org.br\/es\/wp-json\/wp\/v2\/comments?post=1699"}],"version-history":[{"count":101,"href":"https:\/\/informalcool.org.br\/es\/wp-json\/wp\/v2\/pages\/1699\/revisions"}],"predecessor-version":[{"id":4716,"href":"https:\/\/informalcool.org.br\/es\/wp-json\/wp\/v2\/pages\/1699\/revisions\/4716"}],"up":[{"embeddable":true,"href":"https:\/\/informalcool.org.br\/es\/wp-json\/wp\/v2\/pages\/1430"}],"wp:attachment":[{"href":"https:\/\/informalcool.org.br\/es\/wp-json\/wp\/v2\/media?parent=1699"}],"curies":[{"name":"wp","href":"https:\/\/api.w.org\/{rel}","templated":true}]}}