{"id":1985,"date":"2022-10-24T16:53:57","date_gmt":"2022-10-24T19:53:57","guid":{"rendered":"https:\/\/afip-prod-brz-informalcool.azurewebsites.net\/?page_id=1985"},"modified":"2025-04-09T15:05:38","modified_gmt":"2025-04-09T18:05:38","slug":"estudos-e-projetos","status":"publish","type":"page","link":"https:\/\/informalcool.org.br\/es\/estudos-e-projetos\/","title":{"rendered":"ESTUDIOS Y PROYECTOS"},"content":{"rendered":"<div data-elementor-type=\"wp-page\" data-elementor-id=\"1985\" class=\"elementor elementor-1985\">\n\t\t\t\t\t\t\t\t\t<section class=\"elementor-section elementor-top-section elementor-element elementor-element-a411d5c elementor-section-boxed elementor-section-height-default elementor-section-height-default\" data-id=\"a411d5c\" data-element_type=\"section\">\n\t\t\t\t\t\t<div class=\"elementor-container elementor-column-gap-default\">\n\t\t\t\t\t<div class=\"elementor-column elementor-col-100 elementor-top-column elementor-element elementor-element-7ad4371\" data-id=\"7ad4371\" data-element_type=\"column\">\n\t\t\t<div class=\"elementor-widget-wrap elementor-element-populated\">\n\t\t\t\t\t\t\t\t<div class=\"elementor-element elementor-element-b52cb7c elementor-widget elementor-widget-heading\" data-id=\"b52cb7c\" data-element_type=\"widget\" data-widget_type=\"heading.default\">\n\t\t\t\t<div class=\"elementor-widget-container\">\n\t\t\t<style>.elementor-element-b52cb7c{display:none !important}<\/style>\t\t<\/div>\n\t\t\t\t<\/div>\n\t\t\t\t<div class=\"elementor-element elementor-element-71f9310 elementor-widget elementor-widget-text-editor\" data-id=\"71f9310\" data-element_type=\"widget\" data-widget_type=\"text-editor.default\">\n\t\t\t\t<div class=\"elementor-widget-container\">\n\t\t\t<style>.elementor-element-71f9310{display:none !important}<\/style>\t\t<\/div>\n\t\t\t\t<\/div>\n\t\t\t\t<div class=\"elementor-element elementor-element-d127bf8 elementor-widget elementor-widget-heading\" data-id=\"d127bf8\" data-element_type=\"widget\" data-widget_type=\"heading.default\">\n\t\t\t\t<div class=\"elementor-widget-container\">\n\t\t\t<style>.elementor-element-d127bf8{display:none !important}<\/style>\t\t<\/div>\n\t\t\t\t<\/div>\n\t\t\t\t<section class=\"elementor-section elementor-inner-section elementor-element elementor-element-e6b1163 elementor-section-boxed elementor-section-height-default elementor-section-height-default\" data-id=\"e6b1163\" data-element_type=\"section\">\n\t\t\t\t\t\t<div class=\"elementor-container elementor-column-gap-default\">\n\t\t\t\t\t<div class=\"elementor-column elementor-col-50 elementor-inner-column elementor-element elementor-element-9bee322\" data-id=\"9bee322\" data-element_type=\"column\">\n\t\t\t<div class=\"elementor-widget-wrap elementor-element-populated\">\n\t\t\t\t\t\t\t\t<div class=\"elementor-element elementor-element-2deb13c elementor-widget elementor-widget-image\" data-id=\"2deb13c\" data-element_type=\"widget\" data-widget_type=\"image.default\">\n\t\t\t\t<div class=\"elementor-widget-container\">\n\t\t\t<style>.elementor-element-2deb13c{display:none !important}<\/style>\t\t<\/div>\n\t\t\t\t<\/div>\n\t\t\t\t\t<\/div>\n\t\t<\/div>\n\t\t\t\t<div class=\"elementor-column elementor-col-50 elementor-inner-column elementor-element elementor-element-13449f9\" data-id=\"13449f9\" data-element_type=\"column\">\n\t\t\t<div class=\"elementor-widget-wrap elementor-element-populated\">\n\t\t\t\t\t\t\t\t<div class=\"elementor-element elementor-element-9329074 elementor-widget elementor-widget-text-editor\" data-id=\"9329074\" data-element_type=\"widget\" data-widget_type=\"text-editor.default\">\n\t\t\t\t<div class=\"elementor-widget-container\">\n\t\t\t<style>.elementor-element-9329074{display:none !important}<\/style>\t\t<\/div>\n\t\t\t\t<\/div>\n\t\t\t\t\t<\/div>\n\t\t<\/div>\n\t\t\t\t\t\t\t<\/div>\n\t\t<\/section>\n\t\t\t\t\t<\/div>\n\t\t<\/div>\n\t\t\t\t\t\t\t<\/div>\n\t\t<\/section>\n\t\t\t\t<section class=\"elementor-section elementor-top-section elementor-element elementor-element-08d29bd elementor-section-boxed elementor-section-height-default elementor-section-height-default\" data-id=\"08d29bd\" data-element_type=\"section\">\n\t\t\t\t\t\t<div class=\"elementor-container elementor-column-gap-default\">\n\t\t\t\t\t<div class=\"elementor-column elementor-col-100 elementor-top-column elementor-element elementor-element-36c26db\" data-id=\"36c26db\" data-element_type=\"column\">\n\t\t\t<div class=\"elementor-widget-wrap elementor-element-populated\">\n\t\t\t\t\t\t\t\t<div class=\"elementor-element elementor-element-f7b7346 elementor-widget elementor-widget-heading\" data-id=\"f7b7346\" data-element_type=\"widget\" data-widget_type=\"heading.default\">\n\t\t\t\t<div class=\"elementor-widget-container\">\n\t\t\t<h2 class=\"elementor-heading-title elementor-size-default\">Estudios y Proyectos<\/h2>\t\t<\/div>\n\t\t\t\t<\/div>\n\t\t\t\t<div class=\"elementor-element elementor-element-837ebb5 elementor-widget elementor-widget-text-editor\" data-id=\"837ebb5\" data-element_type=\"widget\" data-widget_type=\"text-editor.default\">\n\t\t\t\t<div class=\"elementor-widget-container\">\n\t\t\t\t\t\t\t<p>Descubre algunos de los estudios en curso sobre factores asociados al consumo de alcohol y nuevas intervenciones virtuales o presenciales.<\/p>\t\t\t\t\t\t<\/div>\n\t\t\t\t<\/div>\n\t\t\t\t<div class=\"elementor-element elementor-element-9a85dd1 elementor-widget elementor-widget-heading\" data-id=\"9a85dd1\" data-element_type=\"widget\" data-widget_type=\"heading.default\">\n\t\t\t\t<div class=\"elementor-widget-container\">\n\t\t\t<h2 class=\"elementor-heading-title elementor-size-default\">Intervenciones<\/h2>\t\t<\/div>\n\t\t\t\t<\/div>\n\t\t\t\t<div class=\"elementor-element elementor-element-c5f2a6f elementor-widget elementor-widget-text-editor\" data-id=\"c5f2a6f\" data-element_type=\"widget\" data-widget_type=\"text-editor.default\">\n\t\t\t\t<div class=\"elementor-widget-container\">\n\t\t\t\t\t\t\t<ul><li>App m\u00f3vil \u00bfQu\u00e9 pasa si te pasas?<br \/><a href=\"https:\/\/www.facebook.com\/App.QuePasaSiTePasas\/\">https:\/\/www.facebook.com\/App.QuePasaSiTePasas\/<\/a><\/li><li>Manual del programa de prevenci\u00f3n de habilidades sociales \u201cHuellitas\u201d<br \/><a href=\"http:\/\/www.uade.inpsiquiatria.edu.mx\/pagina_contenidos\/libros\/huellitas.pdf\">http:\/\/www.uade.inpsiquiatria.edu.mx\/pagina_contenidos\/libros\/huellitas.pdf<\/a><\/li><li>La l\u00ednea de la vida<br \/><a href=\"https:\/\/www.gob.mx\/salud\/conadic\/acciones-y-programas\/centro-de-atencion-ciudadana-contra-las-adicciones-134381\">https:\/\/www.gob.mx\/salud\/conadic\/acciones-y-programas\/centro-de-atencion-ciudadana-contra-las-adicciones-134381<\/a><\/li><li>Micrositio de Salud mental y Adicciones de CIJ<br \/><a href=\"http:\/\/www.cij.gob.mx\/autodiagnostico\/index.asp\">http:\/\/www.cij.gob.mx\/autodiagnostico\/index.asp<\/a><\/li><li>Programa en L\u00ednea Ayuda para familiares de consumidores de alcohol y drogas\u00a0<br \/><a href=\"https:\/\/familiayadicciones.org.mx\/\">https:\/\/familiayadicciones.org.mx\/<\/a><\/li><li>Documentos de informaci\u00f3n acerca del consumo<\/li><li>Programa de Prevenci\u00f3n de Adicciones del Gobierno de M\u00e9xico<br \/><a href=\"https:\/\/www.gob.mx\/lineadelavida\">https:\/\/www.gob.mx\/lineadelavida<\/a><\/li><li>Repositorio de Alcohol<br \/><a href=\"https:\/\/www.gob.mx\/lineadelavida\/acciones-y-programas\/repositorio-alcohol?state=published\">https:\/\/www.gob.mx\/lineadelavida\/acciones-y-programas\/repositorio-alcohol?state=published<\/a><\/li><li>Reacciones adversas al mezclar bebidas alcoh\u00f3licas con medicamentos<br \/><a href=\"https:\/\/www.niaaa.nih.gov\/sites\/default\/files\/publications\/medicine_1.pdf\">https:\/\/www.niaaa.nih.gov\/sites\/default\/files\/publications\/medicine_1.pdf<\/a><\/li><li>Gu\u00eda para padres y Maestros \u201cHablemos sobre Alcohol, Tabaco y otras Drogas<br \/><a href=\"https:\/\/www.gob.mx\/cms\/uploads\/attachment\/file\/803020\/Gu_a_Padres_Hablemos_Sobre_Alcohol__Y_Drogas_2023.pdf\">https:\/\/www.gob.mx\/cms\/uploads\/attachment\/file\/803020\/Gu_a_Padres_Hablemos_Sobre_Alcohol__Y_Drogas_2023.pdf<\/a><\/li><li>Conoce sobre el Alcohol y algo m\u00e1s. Gu\u00eda preventiva para adolescentes <a href=\"https:\/\/www.gob.mx\/cms\/uploads\/attachment\/file\/566344\/Guia_Alcohol_2020.pdf\">https:\/\/www.gob.mx\/cms\/uploads\/attachment\/file\/566344\/Guia_Alcohol_2020.pdf<\/a><\/li><li>C\u00f3mo prevenir el consumo de alcohol en sus hijas(os) adolescentes<br \/><a href=\"https:\/\/www.gob.mx\/cms\/uploads\/attachment\/file\/566340\/Cuadernillo_Madres_y_Padres_Alcochol_2019.pdf\">https:\/\/www.gob.mx\/cms\/uploads\/attachment\/file\/566340\/Cuadernillo_Madres_y_Padres_Alcochol_2019.pdf<\/a><\/li><li>Gu\u00eda para reducir los riesgos y da\u00f1os por consumo de alcohol y el uso de drogas en mujeres<br \/><a href=\"https:\/\/www.gob.mx\/cms\/uploads\/attachment\/file\/566244\/Guia_Reduccion_de_Riesgos_2019.pdf\">https:\/\/www.gob.mx\/cms\/uploads\/attachment\/file\/566244\/Guia_Reduccion_de_Riesgos_2019.pdf<\/a><\/li><\/ul>\t\t\t\t\t\t<\/div>\n\t\t\t\t<\/div>\n\t\t\t\t\t<\/div>\n\t\t<\/div>\n\t\t\t\t\t\t\t<\/div>\n\t\t<\/section>\n\t\t\t\t\t\t\t<\/div>","protected":false},"excerpt":{"rendered":"<p>Estudos e Projetos Conhe\u00e7a alguns dos estudos em andamento sobre fatores associados ao uso de \u00e1lcool e novas interven\u00e7\u00f5es virtuais ou presenciais. Interven\u00e7\u00e3o virtual &#8220;PUB&#8221; para estudantes universit\u00e1rios Estudo para avaliar se estudantes universit\u00e1rios ao conhecer mais sobre seu uso de bebidas alco\u00f3licas conseguem reduzir seu consumo e problemas associados, coordenado por pesquisadores do Departamento [&hellip;]<\/p>","protected":false},"author":5,"featured_media":0,"parent":0,"menu_order":0,"comment_status":"closed","ping_status":"closed","template":"","meta":{"footnotes":""},"class_list":["post-1985","page","type-page","status-publish","hentry"],"acf":[],"_links":{"self":[{"href":"https:\/\/informalcool.org.br\/es\/wp-json\/wp\/v2\/pages\/1985","targetHints":{"allow":["GET"]}}],"collection":[{"href":"https:\/\/informalcool.org.br\/es\/wp-json\/wp\/v2\/pages"}],"about":[{"href":"https:\/\/informalcool.org.br\/es\/wp-json\/wp\/v2\/types\/page"}],"author":[{"embeddable":true,"href":"https:\/\/informalcool.org.br\/es\/wp-json\/wp\/v2\/users\/5"}],"replies":[{"embeddable":true,"href":"https:\/\/informalcool.org.br\/es\/wp-json\/wp\/v2\/comments?post=1985"}],"version-history":[{"count":82,"href":"https:\/\/informalcool.org.br\/es\/wp-json\/wp\/v2\/pages\/1985\/revisions"}],"predecessor-version":[{"id":4858,"href":"https:\/\/informalcool.org.br\/es\/wp-json\/wp\/v2\/pages\/1985\/revisions\/4858"}],"wp:attachment":[{"href":"https:\/\/informalcool.org.br\/es\/wp-json\/wp\/v2\/media?parent=1985"}],"curies":[{"name":"wp","href":"https:\/\/api.w.org\/{rel}","templated":true}]}}