{"id":3450,"date":"2023-02-17T12:20:29","date_gmt":"2023-02-17T15:20:29","guid":{"rendered":"https:\/\/informalcool.org.br\/?page_id=3450"},"modified":"2024-06-19T12:51:41","modified_gmt":"2024-06-19T15:51:41","slug":"servicos-gratuitos-ligados-a-faculdades-de-psicologia-sp","status":"publish","type":"page","link":"https:\/\/informalcool.org.br\/es\/locais-de-atendimento\/servicos-gratuitos-ligados-a-faculdades-de-psicologia-sp\/","title":{"rendered":"Servi\u00e7os Gratuitos Ligados a Faculdades de Psicologia &#8211; SP"},"content":{"rendered":"<div data-elementor-type=\"wp-page\" data-elementor-id=\"3450\" class=\"elementor elementor-3450\">\n\t\t\t\t\t\t\t\t\t<section class=\"elementor-section elementor-top-section elementor-element elementor-element-5b165c8 elementor-section-boxed elementor-section-height-default elementor-section-height-default\" data-id=\"5b165c8\" data-element_type=\"section\">\n\t\t\t\t\t\t<div class=\"elementor-container elementor-column-gap-default\">\n\t\t\t\t\t<div class=\"elementor-column elementor-col-100 elementor-top-column elementor-element elementor-element-5503893\" data-id=\"5503893\" data-element_type=\"column\">\n\t\t\t<div class=\"elementor-widget-wrap elementor-element-populated\">\n\t\t\t\t\t\t\t\t<div class=\"elementor-element elementor-element-028e3a1 elementor-widget elementor-widget-heading\" data-id=\"028e3a1\" data-element_type=\"widget\" data-widget_type=\"heading.default\">\n\t\t\t\t<div class=\"elementor-widget-container\">\n\t\t\t<h2 class=\"elementor-heading-title elementor-size-default\">Servicios vinculados a las Facultad de Psicolog\u00eda<\/h2>\t\t<\/div>\n\t\t\t\t<\/div>\n\t\t\t\t<div class=\"elementor-element elementor-element-809d19a elementor-widget elementor-widget-text-editor\" data-id=\"809d19a\" data-element_type=\"widget\" data-widget_type=\"text-editor.default\">\n\t\t\t\t<div class=\"elementor-widget-container\">\n\t\t\t\t\t\t\t<p><strong>Centro de Prevenci\u00f3n en Adicciones &#8220;Dr. H\u00e9ctor Ayala Vel\u00e1zquez&#8221;<\/strong><br \/>Retorno Cerro Acasulco #18, Col. Oxtopulco-Universidad, C. P. 04318 entre Copilco y Miguel \u00c1ngel de Quevedo (a dos cuadras del metro Miguel \u00c1ngel de Quevedo)<br \/>5658 3911<br \/>5658 3744<br \/>Lunes a viernes de 9:00 a 19:00 hrs.<\/p>\t\t\t\t\t\t<\/div>\n\t\t\t\t<\/div>\n\t\t\t\t<div class=\"elementor-element elementor-element-78408ff elementor-widget-divider--view-line elementor-widget elementor-widget-divider\" data-id=\"78408ff\" data-element_type=\"widget\" data-widget_type=\"divider.default\">\n\t\t\t\t<div class=\"elementor-widget-container\">\n\t\t\t\t\t<div class=\"elementor-divider\">\n\t\t\t<span class=\"elementor-divider-separator\">\n\t\t\t\t\t\t<\/span>\n\t\t<\/div>\n\t\t\t\t<\/div>\n\t\t\t\t<\/div>\n\t\t\t\t<div class=\"elementor-element elementor-element-496c9d6 elementor-widget elementor-widget-text-editor\" data-id=\"496c9d6\" data-element_type=\"widget\" data-widget_type=\"text-editor.default\">\n\t\t\t\t<div class=\"elementor-widget-container\">\n\t\t\t\t\t\t\t<p><strong>Call Center UNAM &#8211; Facultad de Psicolog\u00eda<\/strong> <br \/>Servicio de Atenci\u00f3n Psicol\u00f3gica por Tel\u00e9fono<br \/>5622 2321<\/p>\t\t\t\t\t\t<\/div>\n\t\t\t\t<\/div>\n\t\t\t\t<div class=\"elementor-element elementor-element-8c27c77 elementor-widget-divider--view-line elementor-widget elementor-widget-divider\" data-id=\"8c27c77\" data-element_type=\"widget\" data-widget_type=\"divider.default\">\n\t\t\t\t<div class=\"elementor-widget-container\">\n\t\t\t\t\t<div class=\"elementor-divider\">\n\t\t\t<span class=\"elementor-divider-separator\">\n\t\t\t\t\t\t<\/span>\n\t\t<\/div>\n\t\t\t\t<\/div>\n\t\t\t\t<\/div>\n\t\t\t\t<div class=\"elementor-element elementor-element-11459da elementor-widget elementor-widget-text-editor\" data-id=\"11459da\" data-element_type=\"widget\" data-widget_type=\"text-editor.default\">\n\t\t\t\t<div class=\"elementor-widget-container\">\n\t\t\t\t\t\t\t<p><strong>Centro Comunitario de Atenci\u00f3n Psicol\u00f3gica Los Volcanes<\/strong><br \/>Volc\u00e1n Fujiyama esquina con Volc\u00e1n Cofre de Perote s\/n, Colonia Los Volcanes, Delegaci\u00f3n Tlalpan, D.F.<br \/>5655 9196<br \/>ccaplosvolcanes@gmail.com<br \/>Lunes a viernes de 10:00 a 15:00 hrs.<\/p>\t\t\t\t\t\t<\/div>\n\t\t\t\t<\/div>\n\t\t\t\t<div class=\"elementor-element elementor-element-b143165 elementor-widget-divider--view-line elementor-widget elementor-widget-divider\" data-id=\"b143165\" data-element_type=\"widget\" data-widget_type=\"divider.default\">\n\t\t\t\t<div class=\"elementor-widget-container\">\n\t\t\t\t\t<div class=\"elementor-divider\">\n\t\t\t<span class=\"elementor-divider-separator\">\n\t\t\t\t\t\t<\/span>\n\t\t<\/div>\n\t\t\t\t<\/div>\n\t\t\t\t<\/div>\n\t\t\t\t<div class=\"elementor-element elementor-element-420869c elementor-widget elementor-widget-text-editor\" data-id=\"420869c\" data-element_type=\"widget\" data-widget_type=\"text-editor.default\">\n\t\t\t\t<div class=\"elementor-widget-container\">\n\t\t\t\t\t\t\t<p><strong>Centro Comunitario Dr. Juli\u00e1n MacGregor y S\u00e1nchez Navarro<\/strong><br \/>Calle Tecacalo Mz. 21, Lt. 24, Colonia Ruiz Cortines, Delegaci\u00f3n Coyoac\u00e1n.<br \/>55183861<br \/>Lunes a viernes de 8:00 a 20:00 y s\u00e1bados de 10:00 a 14:00 hrs.<\/p>\t\t\t\t\t\t<\/div>\n\t\t\t\t<\/div>\n\t\t\t\t<div class=\"elementor-element elementor-element-425e716 elementor-widget-divider--view-line elementor-widget elementor-widget-divider\" data-id=\"425e716\" data-element_type=\"widget\" data-widget_type=\"divider.default\">\n\t\t\t\t<div class=\"elementor-widget-container\">\n\t\t\t\t\t<div class=\"elementor-divider\">\n\t\t\t<span class=\"elementor-divider-separator\">\n\t\t\t\t\t\t<\/span>\n\t\t<\/div>\n\t\t\t\t<\/div>\n\t\t\t\t<\/div>\n\t\t\t\t<div class=\"elementor-element elementor-element-452c748 elementor-widget elementor-widget-text-editor\" data-id=\"452c748\" data-element_type=\"widget\" data-widget_type=\"text-editor.default\">\n\t\t\t\t<div class=\"elementor-widget-container\">\n\t\t\t\t\t\t\t<p><strong>Centro de Servicios Psicol\u00f3gicos Dr. Guillermo D\u00e1vila<\/strong><br \/>S\u00f3tano del Edificio \u201cD\u201d de la Facultad de Psicolog\u00eda.<br \/>56 22 23 09 <br \/>centrodeserviciospsico<br \/>logicos@yahoo.com.mx<br \/>Lunes a viernes de 8:30 a 19:00 hrs.<\/p>\t\t\t\t\t\t<\/div>\n\t\t\t\t<\/div>\n\t\t\t\t<div class=\"elementor-element elementor-element-d34103a elementor-widget-divider--view-line elementor-widget elementor-widget-divider\" data-id=\"d34103a\" data-element_type=\"widget\" data-widget_type=\"divider.default\">\n\t\t\t\t<div class=\"elementor-widget-container\">\n\t\t\t\t\t<div class=\"elementor-divider\">\n\t\t\t<span class=\"elementor-divider-separator\">\n\t\t\t\t\t\t<\/span>\n\t\t<\/div>\n\t\t\t\t<\/div>\n\t\t\t\t<\/div>\n\t\t\t\t\t<\/div>\n\t\t<\/div>\n\t\t\t\t\t\t\t<\/div>\n\t\t<\/section>\n\t\t\t\t\t\t\t<\/div>","protected":false},"excerpt":{"rendered":"<p>Servi\u00e7os gratuitos ligados a faculdades de Psicologia Centro de Psicologia Aplicada (Campus Vergueiro, Tatuap\u00e9 e\u00a0Campinas)S\u00e3o Paulo capital (11) 2166-1160 | (11) 2090-4518Campinas (19) 3776-4001 Ligar para realizar o agendamento. Atendimento Psicol\u00f3gico Mackenzie\u00a0 (Campus Higien\u00f3polis)Rua Piau\u00ed, 181 &#8211; 2\u00ba andarTelefone: (11) 2114-8343 Ligar para realizar o agendamento. Atendimento Psicol\u00f3gico Par\u00f3quia S\u00e3o Lu\u00eds GonzagaAv. Paulista, 2378Telefone: (11) [&hellip;]<\/p>","protected":false},"author":5,"featured_media":0,"parent":1430,"menu_order":0,"comment_status":"closed","ping_status":"closed","template":"","meta":{"footnotes":""},"class_list":["post-3450","page","type-page","status-publish","hentry"],"acf":[],"_links":{"self":[{"href":"https:\/\/informalcool.org.br\/es\/wp-json\/wp\/v2\/pages\/3450","targetHints":{"allow":["GET"]}}],"collection":[{"href":"https:\/\/informalcool.org.br\/es\/wp-json\/wp\/v2\/pages"}],"about":[{"href":"https:\/\/informalcool.org.br\/es\/wp-json\/wp\/v2\/types\/page"}],"author":[{"embeddable":true,"href":"https:\/\/informalcool.org.br\/es\/wp-json\/wp\/v2\/users\/5"}],"replies":[{"embeddable":true,"href":"https:\/\/informalcool.org.br\/es\/wp-json\/wp\/v2\/comments?post=3450"}],"version-history":[{"count":16,"href":"https:\/\/informalcool.org.br\/es\/wp-json\/wp\/v2\/pages\/3450\/revisions"}],"predecessor-version":[{"id":4378,"href":"https:\/\/informalcool.org.br\/es\/wp-json\/wp\/v2\/pages\/3450\/revisions\/4378"}],"up":[{"embeddable":true,"href":"https:\/\/informalcool.org.br\/es\/wp-json\/wp\/v2\/pages\/1430"}],"wp:attachment":[{"href":"https:\/\/informalcool.org.br\/es\/wp-json\/wp\/v2\/media?parent=3450"}],"curies":[{"name":"wp","href":"https:\/\/api.w.org\/{rel}","templated":true}]}}