{"id":421,"date":"2021-07-07T09:28:19","date_gmt":"2021-07-07T12:28:19","guid":{"rendered":"https:\/\/afip-prod-brz-informalcool.azurewebsites.net\/?page_id=421"},"modified":"2025-03-05T14:50:05","modified_gmt":"2025-03-05T17:50:05","slug":"voce-sabia","status":"publish","type":"page","link":"https:\/\/informalcool.org.br\/es\/alcool-e-voce\/voce-sabia\/","title":{"rendered":"\u00bfSab\u00edas que?"},"content":{"rendered":"<div data-elementor-type=\"wp-page\" data-elementor-id=\"421\" class=\"elementor elementor-421\">\n\t\t\t\t\t\t\t\t\t<section class=\"elementor-section elementor-top-section elementor-element elementor-element-d9ff222 elementor-section-boxed elementor-section-height-default elementor-section-height-default\" data-id=\"d9ff222\" data-element_type=\"section\">\n\t\t\t\t\t\t<div class=\"elementor-container elementor-column-gap-default\">\n\t\t\t\t\t\t\t\t<\/div>\n\t\t<\/section>\n\t\t\t\t<section class=\"elementor-section elementor-top-section elementor-element elementor-element-7207727 elementor-section-boxed elementor-section-height-default elementor-section-height-default\" data-id=\"7207727\" data-element_type=\"section\">\n\t\t\t\t\t\t<div class=\"elementor-container elementor-column-gap-default\">\n\t\t\t\t\t<div class=\"elementor-column elementor-col-100 elementor-top-column elementor-element elementor-element-c1a166c\" data-id=\"c1a166c\" data-element_type=\"column\">\n\t\t\t<div class=\"elementor-widget-wrap elementor-element-populated\">\n\t\t\t\t\t\t\t\t<div class=\"elementor-element elementor-element-00d1396 elementor-widget elementor-widget-heading\" data-id=\"00d1396\" data-element_type=\"widget\" data-widget_type=\"heading.default\">\n\t\t\t\t<div class=\"elementor-widget-container\">\n\t\t\t<h1 class=\"elementor-heading-title elementor-size-default\">\u00bfSab\u00edas que?<\/h1>\t\t<\/div>\n\t\t\t\t<\/div>\n\t\t\t\t<div class=\"elementor-element elementor-element-fc68567 elementor-widget elementor-widget-text-editor\" data-id=\"fc68567\" data-element_type=\"widget\" data-widget_type=\"text-editor.default\">\n\t\t\t\t<div class=\"elementor-widget-container\">\n\t\t\t\t\t\t\t<p>El alcohol es una sustancia que tiene una alta capacidad de interacci\u00f3n con el organismo. Una peque\u00f1a cantidad puede causar riesgos.<\/p>\t\t\t\t\t\t<\/div>\n\t\t\t\t<\/div>\n\t\t\t\t<div class=\"elementor-element elementor-element-6655d93 elementor-widget elementor-widget-heading\" data-id=\"6655d93\" data-element_type=\"widget\" data-widget_type=\"heading.default\">\n\t\t\t\t<div class=\"elementor-widget-container\">\n\t\t\t<h2 class=\"elementor-heading-title elementor-size-default\">Efectos del alcohol \n<\/h2>\t\t<\/div>\n\t\t\t\t<\/div>\n\t\t\t\t<div class=\"elementor-element elementor-element-ab7f8a6 elementor-widget elementor-widget-text-editor\" data-id=\"ab7f8a6\" data-element_type=\"widget\" data-widget_type=\"text-editor.default\">\n\t\t\t\t<div class=\"elementor-widget-container\">\n\t\t\t\t\t\t\t<p>La Organizaci\u00f3n Mundial de la Salud (OMS) recomienda no beber m\u00e1s de 2 copas por d\u00eda. El alcohol presente en las bebidas alcoh\u00f3licas es el etanol, una mol\u00e9cula muy peque\u00f1a que afecta pr\u00e1cticamente a todos los \u00f3rganos y tejidos del cuerpo.<\/p><ol><li><strong>Dosis bajas:<\/strong> act\u00faa como estimulante del Sistema Nervioso Central, provocando euforia, desinhibici\u00f3n, sociabilidad, placer y alegr\u00eda.<\/li><li><strong>Dosis altas:<\/strong> efecto \u201cdepresor\u201d del Sistema Nervioso Central, disminuye la coordinaci\u00f3n motora y la capacidad de identificar situaciones peligrosas como: alteraci\u00f3n de la velocidad del habla, ver doble, somnolencia, dificultad de concentraci\u00f3n y de dar respuestas r\u00e1pidas a los est\u00edmulos. Puede causar coma alcoh\u00f3lico e insuficiencia respiratoria, con riesgo de muerte.<\/li><\/ol><p>Debido a los efectos del alcohol, hay <strong>situaciones en las que es preferible NO beber nada de alcohol:<\/strong><\/p><ul><li>Cuando manejes<\/li><li>Cuando utilices maquinaria<\/li><li>Antes y durante tu jornada laboral<\/li><li>Cuando est\u00e9s embarazada o tratando de embarazarte<\/li><li>Cuando est\u00e9s amamantando<\/li><li>Cuando tomes ciertas medicinas (revisa la informaci\u00f3n de la caja)<\/li><li>Si tienes alg\u00fan problema m\u00e9dico, por ejemplo, una enfermedad del h\u00edgado (consulta a un profesional de la salud)<\/li><li>Si no puedes detenerte o controlar tu consumo de alcohol<\/li><li>Si ya tienes un problema social o de salud relacionado con el consumo de alcohol.<\/li><\/ul><p>\u00bfQu\u00e9<strong> factores influyen en los efectos <\/strong>del alcohol?<\/p><ul><li>Frecuencia de consumo<\/li><li>Cantidad de alcohol consumida<\/li><li>Nivel de alcohol en sangre<\/li><li>Peso del individuo<\/li><li>Uso de medicamentos<\/li><li>Consumo en ayunas<\/li><li>Combinar con otras sustancias (como otras drogas y bebidas energ\u00e9ticas)<\/li><\/ul>\t\t\t\t\t\t<\/div>\n\t\t\t\t<\/div>\n\t\t\t\t<div class=\"elementor-element elementor-element-4c8b26b elementor-widget elementor-widget-heading\" data-id=\"4c8b26b\" data-element_type=\"widget\" data-widget_type=\"heading.default\">\n\t\t\t\t<div class=\"elementor-widget-container\">\n\t\t\t<h2 class=\"elementor-heading-title elementor-size-default\">\u00bfQu\u00e9 es una copa est\u00e1ndar?<\/h2>\t\t<\/div>\n\t\t\t\t<\/div>\n\t\t\t\t<div class=\"elementor-element elementor-element-050ad7e elementor-widget elementor-widget-text-editor\" data-id=\"050ad7e\" data-element_type=\"widget\" data-widget_type=\"text-editor.default\">\n\t\t\t\t<div class=\"elementor-widget-container\">\n\t\t\t\t\t\t\t<p>Seg\u00fan la Organizaci\u00f3n Mundial de la Salud (OMS), una copa est\u00e1ndar equivale a 10 g de alcohol, el equivalente a una lata de cerveza de 250ml con un 5% de alcohol.<\/p>\t\t\t\t\t\t<\/div>\n\t\t\t\t<\/div>\n\t\t\t\t<div class=\"elementor-element elementor-element-763b867 elementor-widget elementor-widget-image\" data-id=\"763b867\" data-element_type=\"widget\" data-widget_type=\"image.default\">\n\t\t\t\t<div class=\"elementor-widget-container\">\n\t\t\t\t\t\t\t\t\t\t\t\t\t\t\t<img loading=\"lazy\" decoding=\"async\" width=\"910\" height=\"507\" src=\"https:\/\/informalcool.org.br\/wp-content\/uploads\/2025\/03\/dosepadrao-espanhol-corrigido1.png\" class=\"attachment-large size-large wp-image-4691\" alt=\"\" srcset=\"https:\/\/informalcool.org.br\/wp-content\/uploads\/2025\/03\/dosepadrao-espanhol-corrigido1.png 910w, https:\/\/informalcool.org.br\/wp-content\/uploads\/2025\/03\/dosepadrao-espanhol-corrigido1-300x167.png 300w, https:\/\/informalcool.org.br\/wp-content\/uploads\/2025\/03\/dosepadrao-espanhol-corrigido1-768x428.png 768w, https:\/\/informalcool.org.br\/wp-content\/uploads\/2025\/03\/dosepadrao-espanhol-corrigido1-18x10.png 18w\" sizes=\"auto, (max-width: 910px) 100vw, 910px\" \/>\t\t\t\t\t\t\t\t\t\t\t\t\t\t\t<\/div>\n\t\t\t\t<\/div>\n\t\t\t\t<div class=\"elementor-element elementor-element-30c9b88 elementor-widget elementor-widget-heading\" data-id=\"30c9b88\" data-element_type=\"widget\" data-widget_type=\"heading.default\">\n\t\t\t\t<div class=\"elementor-widget-container\">\n\t\t\t<h2 class=\"elementor-heading-title elementor-size-default\">\u00bfHace alguna diferencia beber lento o r\u00e1pido?<\/h2>\t\t<\/div>\n\t\t\t\t<\/div>\n\t\t\t\t<div class=\"elementor-element elementor-element-052bca8 elementor-widget elementor-widget-text-editor\" data-id=\"052bca8\" data-element_type=\"widget\" data-widget_type=\"text-editor.default\">\n\t\t\t\t<div class=\"elementor-widget-container\">\n\t\t\t\t\t\t\t<p>El cuerpo es capaz de eliminar una copa est\u00e1ndar por hora. Si se excede esa cantidad, el cuerpo acumula m\u00e1s alcohol en la sangre.<br \/>Algunas formas de beber como el t\u00edpico: \u201cfondo, fondo, fondo\u201d incrementan r\u00e1pidamente los niveles de alcohol en la sangre.<\/p>\t\t\t\t\t\t<\/div>\n\t\t\t\t<\/div>\n\t\t\t\t<div class=\"elementor-element elementor-element-2c462a3 elementor-widget-divider--view-line elementor-widget elementor-widget-divider\" data-id=\"2c462a3\" data-element_type=\"widget\" data-widget_type=\"divider.default\">\n\t\t\t\t<div class=\"elementor-widget-container\">\n\t\t\t\t\t<div class=\"elementor-divider\">\n\t\t\t<span class=\"elementor-divider-separator\">\n\t\t\t\t\t\t<\/span>\n\t\t<\/div>\n\t\t\t\t<\/div>\n\t\t\t\t<\/div>\n\t\t\t\t<div class=\"elementor-element elementor-element-487aa6c elementor-widget elementor-widget-text-editor\" data-id=\"487aa6c\" data-element_type=\"widget\" data-widget_type=\"text-editor.default\">\n\t\t\t\t<div class=\"elementor-widget-container\">\n\t\t\t\t\t\t\t<p>Babor TF, Higgins-Biddle JC, Saunders JB, Monteiro MG &amp; World Health Organization. (2001). AUDIT: The alcohol use disorders identification test: Guidelines for use in primary health care (No. WHO\/MSD\/MSB\/01.6 a). World Health Organization.<\/p>\t\t\t\t\t\t<\/div>\n\t\t\t\t<\/div>\n\t\t\t\t\t<\/div>\n\t\t<\/div>\n\t\t\t\t\t\t\t<\/div>\n\t\t<\/section>\n\t\t\t\t\t\t\t<\/div>","protected":false},"excerpt":{"rendered":"<p>Voc\u00ea sabia? O \u00e1lcool \u00e9 uma subst\u00e2ncia que possui alta capacidade de intera\u00e7\u00e3o com o organismo.&nbsp;Uma pequena quantidade de bebida alco\u00f3lica \u00e9 capaz de causar riscos. Bebidas alco\u00f3licas e seus efeitos no organismo A Organiza\u00e7\u00e3o Mundial da Sa\u00fade (OMS) recomenda que o consumo de \u00e1lcool n\u00e3o ultrapasse 2 doses por dia.\u00a0 O \u00e1lcool presente nas [&hellip;]<\/p>","protected":false},"author":5,"featured_media":0,"parent":662,"menu_order":1,"comment_status":"closed","ping_status":"closed","template":"","meta":{"footnotes":""},"class_list":["post-421","page","type-page","status-publish","hentry"],"acf":[],"_links":{"self":[{"href":"https:\/\/informalcool.org.br\/es\/wp-json\/wp\/v2\/pages\/421","targetHints":{"allow":["GET"]}}],"collection":[{"href":"https:\/\/informalcool.org.br\/es\/wp-json\/wp\/v2\/pages"}],"about":[{"href":"https:\/\/informalcool.org.br\/es\/wp-json\/wp\/v2\/types\/page"}],"author":[{"embeddable":true,"href":"https:\/\/informalcool.org.br\/es\/wp-json\/wp\/v2\/users\/5"}],"replies":[{"embeddable":true,"href":"https:\/\/informalcool.org.br\/es\/wp-json\/wp\/v2\/comments?post=421"}],"version-history":[{"count":283,"href":"https:\/\/informalcool.org.br\/es\/wp-json\/wp\/v2\/pages\/421\/revisions"}],"predecessor-version":[{"id":4700,"href":"https:\/\/informalcool.org.br\/es\/wp-json\/wp\/v2\/pages\/421\/revisions\/4700"}],"up":[{"embeddable":true,"href":"https:\/\/informalcool.org.br\/es\/wp-json\/wp\/v2\/pages\/662"}],"wp:attachment":[{"href":"https:\/\/informalcool.org.br\/es\/wp-json\/wp\/v2\/media?parent=421"}],"curies":[{"name":"wp","href":"https:\/\/api.w.org\/{rel}","templated":true}]}}