{"id":429,"date":"2021-07-07T09:33:22","date_gmt":"2021-07-07T12:33:22","guid":{"rendered":"https:\/\/afip-prod-brz-informalcool.azurewebsites.net\/?page_id=429"},"modified":"2025-03-05T14:55:32","modified_gmt":"2025-03-05T17:55:32","slug":"familiar-com-problema-de-uso-de-alcool","status":"publish","type":"page","link":"https:\/\/informalcool.org.br\/es\/alcool-e-voce\/familiar-com-problema-de-uso-de-alcool\/","title":{"rendered":"Familiares con problemas de alcohol"},"content":{"rendered":"<div data-elementor-type=\"wp-page\" data-elementor-id=\"429\" class=\"elementor elementor-429\">\n\t\t\t\t\t\t\t\t\t<section class=\"elementor-section elementor-top-section elementor-element elementor-element-ec25ef4 elementor-section-boxed elementor-section-height-default elementor-section-height-default\" data-id=\"ec25ef4\" data-element_type=\"section\">\n\t\t\t\t\t\t<div class=\"elementor-container elementor-column-gap-default\">\n\t\t\t\t\t<div class=\"elementor-column elementor-col-100 elementor-top-column elementor-element elementor-element-b36962d\" data-id=\"b36962d\" data-element_type=\"column\">\n\t\t\t<div class=\"elementor-widget-wrap elementor-element-populated\">\n\t\t\t\t\t\t\t\t<div class=\"elementor-element elementor-element-c7ba153 elementor-widget elementor-widget-heading\" data-id=\"c7ba153\" data-element_type=\"widget\" data-widget_type=\"heading.default\">\n\t\t\t\t<div class=\"elementor-widget-container\">\n\t\t\t<h2 class=\"elementor-heading-title elementor-size-default\">Familiares con problemas de alcohol<\/h2>\t\t<\/div>\n\t\t\t\t<\/div>\n\t\t\t\t<div class=\"elementor-element elementor-element-8ecab3f elementor-widget elementor-widget-text-editor\" data-id=\"8ecab3f\" data-element_type=\"widget\" data-widget_type=\"text-editor.default\">\n\t\t\t\t<div class=\"elementor-widget-container\">\n\t\t\t\t\t\t\t<p>Cuando un miembro de la familia consume alcohol en exceso, genera preocupaci\u00f3n, angustia y sufrimiento a los dem\u00e1s.<\/p><p><strong>Consumo de alcohol: padres e hijos<\/strong><\/p><p>En la relaci\u00f3n entre padres e hijos, hablar sobre el consumo de alcohol puede generar varias situaciones conflictivas. El miedo a parecer anticuado o conservador hace que los padres sean permisivos. Por otro lado, los adolescentes est\u00e1n seguros de que \u201cno les pasar\u00e1 nada\u201d. Es necesario hablar sobre alcohol y discutir los l\u00edmites y establecer reglas claras, pero nunca cuando el adolescente se encuentra bajo los efectos del alcohol u otras drogas. Espera a que los efectos pasen para conversar de manera adecuada.<\/p><p><strong>\u00bfCu\u00e1les son los principales riesgos que corren los j\u00f3venes?<\/strong><\/p><p>Los j\u00f3venes no tienen experiencia bebiendo y no conocen sus l\u00edmites, lo que podr\u00eda conducir a la toma de riesgos y aumentar la posibilidad de da\u00f1o f\u00edsico y social.\u00a0 Es m\u00e1s probable que los j\u00f3venes se enganchen en comportamientos potencialmente perjudiciales, como:<\/p><ul><li>embraigarse;<\/li><li>comportamientos agresivos antisociales, que dan como resultado lesiones y accidentes (especialmente accidentes automovil\u00edsticos);<\/li><li>actividades de riesgo, como comportamiento sexual de alto riesgo.<\/li><\/ul><p>La relaci\u00f3n afectiva y la comunicaci\u00f3n son esenciales para la calidad de la relaci\u00f3n entre padres e hijos. Una buena relaci\u00f3n disminuye las probabilidades de consumo de riesgo en la adolescencia. Sin embargo, es muy importante que los padres establezcan l\u00edmites claros y que no se comporten como \u201camigos\/as\u201d, acompa\u00f1ando a sus hijos\/as a beber, sino que asuman su rol de cuidadores.<\/p><p>Como padre\/madre puedes:<\/p><ul><li>Mantener una relaci\u00f3n con tu hijo\/a en la que se aliente la apertura. Esto aumenta la probabilidad de que tu hijo\/a te comunique sus deseos y preocupaciones<\/li><li>Platica con tu hijo\/a los riesgos del consumo de alcohol<\/li><li>Haz eso en forma positiva, no amenazante<\/li><li>Ten reglas claras de hasta qu\u00e9 edad tu hijo\/a puede beber alcohol (probablemente la edad legal).<\/li><li>Planea de antemano qu\u00e9 har\u00e1s cuando tu hijo\/a no cumpla las reglas.<\/li><\/ul><p>Da buen un ejemplo. Si t\u00fa bebes, explica que los efectos del alcohol son diferentes para los ni\u00f1os\/as y los adultos.<\/p><p><strong>Reemplazando la culpa por la competencia<\/strong><\/p><p>Si se presentan problemas relacionados con el alcohol, es importante abordar el problema de manera asertiva. La b\u00fasqueda de culpables o preguntas como &#8220;\u00bfd\u00f3nde me equivoqu\u00e9?&#8221; pueden surgir, pero deben ser reemplazadas r\u00e1pidamente por preguntas m\u00e1s constructivas como &#8220;\u00bfqu\u00e9 podemos hacer en el futuro?&#8221;.<\/p><p><strong>Consulta los folletos para padres, j\u00f3venes y c\u00f3nyuges:<\/strong><\/p><ul><li><a href=\"https:\/\/www.gob.mx\/sipinna\/articulos\/hablar-a-tiempo-con-ninas-ninos-y-adolescentes-ayuda-a-prevenir-el-consumo-de-drogas-332439\" target=\"_blank\" rel=\"noopener\">https:\/\/www.gob.mx\/sipinna\/articulos\/hablar-a-tiempo-con-ninas-ninos-y-adolescentes-ayuda-a-prevenir-el-consumo-de-drogas-332439<\/a><\/li><\/ul><ul><li><a href=\"https:\/\/www.gob.mx\/cms\/uploads\/attachment\/file\/566232\/Cuadernillo_10_Recomendaciones_Hijos_drogas.pdf\" target=\"_blank\" rel=\"noopener\">https:\/\/www.gob.mx\/cms\/uploads\/attachment\/file\/566232\/Cuadernillo_10_Recomendaciones_Hijos_drogas.pdf<\/a><\/li><\/ul><p><strong>Hablando de Drogas con J\u00f3venes<\/strong><\/p><p>Este folleto est\u00e1 dirigido a ti, que eres joven y te encuentras en una fase de la vida llena de decisiones y caminos por elegir. En este proceso, es normal tener dudas sobre muchos temas, incluido el consumo de drogas, un asunto que vale la pena discutir. Para ayudarte a resolver estas inquietudes, se elabor\u00f3 \u200b\u200beste cuadernillo con informaci\u00f3n respaldada por la ciencia y explicada de forma clara y accesible para invitarte a reflexionar sobre el consumo de alcohol y otras drogas, as\u00ed como otras conductas de riesgo que pueden influir en tu vida.<\/p><ul><li><a href=\"http:\/\/www.cij.gob.mx\/DrogasInformate\/alcohol.html\" target=\"_blank\" rel=\"noopener\">http:\/\/www.cij.gob.mx\/DrogasInformate\/alcohol.html<\/a><\/li><li><a href=\"http:\/\/www.cij.gob.mx\/jovenesenaccion\/\" target=\"_blank\" rel=\"noopener\">http:\/\/www.cij.gob.mx\/jovenesenaccion\/<\/a><\/li><\/ul>\t\t\t\t\t\t<\/div>\n\t\t\t\t<\/div>\n\t\t\t\t\t<\/div>\n\t\t<\/div>\n\t\t\t\t\t\t\t<\/div>\n\t\t<\/section>\n\t\t\t\t\t\t\t<\/div>","protected":false},"excerpt":{"rendered":"<p>Familiares com problemas por uso de \u00e1lcool O consumo excessivo \u00e9 a causa de preocupa\u00e7\u00f5es, ang\u00fastias e sofrimento para muitas fam\u00edlias. Bebidas alco\u00f3licas: pais e filhos Na rela\u00e7\u00e3o entre pais e filhos, conversar sobre o consumo de \u00e1lcool pode gerar v\u00e1rias situa\u00e7\u00f5es de conflito. O medo de parecer ultrapassado ou conservador faz com que pais [&hellip;]<\/p>","protected":false},"author":5,"featured_media":0,"parent":662,"menu_order":0,"comment_status":"closed","ping_status":"closed","template":"","meta":{"footnotes":""},"class_list":["post-429","page","type-page","status-publish","hentry"],"acf":[],"_links":{"self":[{"href":"https:\/\/informalcool.org.br\/es\/wp-json\/wp\/v2\/pages\/429","targetHints":{"allow":["GET"]}}],"collection":[{"href":"https:\/\/informalcool.org.br\/es\/wp-json\/wp\/v2\/pages"}],"about":[{"href":"https:\/\/informalcool.org.br\/es\/wp-json\/wp\/v2\/types\/page"}],"author":[{"embeddable":true,"href":"https:\/\/informalcool.org.br\/es\/wp-json\/wp\/v2\/users\/5"}],"replies":[{"embeddable":true,"href":"https:\/\/informalcool.org.br\/es\/wp-json\/wp\/v2\/comments?post=429"}],"version-history":[{"count":522,"href":"https:\/\/informalcool.org.br\/es\/wp-json\/wp\/v2\/pages\/429\/revisions"}],"predecessor-version":[{"id":4706,"href":"https:\/\/informalcool.org.br\/es\/wp-json\/wp\/v2\/pages\/429\/revisions\/4706"}],"up":[{"embeddable":true,"href":"https:\/\/informalcool.org.br\/es\/wp-json\/wp\/v2\/pages\/662"}],"wp:attachment":[{"href":"https:\/\/informalcool.org.br\/es\/wp-json\/wp\/v2\/media?parent=429"}],"curies":[{"name":"wp","href":"https:\/\/api.w.org\/{rel}","templated":true}]}}