{"id":431,"date":"2021-07-07T09:34:25","date_gmt":"2021-07-07T12:34:25","guid":{"rendered":"https:\/\/afip-prod-brz-informalcool.azurewebsites.net\/?page_id=431"},"modified":"2025-04-09T14:56:05","modified_gmt":"2025-04-09T17:56:05","slug":"links-uteis","status":"publish","type":"page","link":"https:\/\/informalcool.org.br\/es\/para-profissionais\/links-uteis\/","title":{"rendered":"Enlaces \u00fatiles"},"content":{"rendered":"<div data-elementor-type=\"wp-page\" data-elementor-id=\"431\" class=\"elementor elementor-431\">\n\t\t\t\t\t\t\t\t\t<section class=\"elementor-section elementor-top-section elementor-element elementor-element-57e8973 elementor-section-boxed elementor-section-height-default elementor-section-height-default\" data-id=\"57e8973\" data-element_type=\"section\">\n\t\t\t\t\t\t<div class=\"elementor-container elementor-column-gap-default\">\n\t\t\t\t\t<div class=\"elementor-column elementor-col-100 elementor-top-column elementor-element elementor-element-dbfa654\" data-id=\"dbfa654\" data-element_type=\"column\">\n\t\t\t<div class=\"elementor-widget-wrap elementor-element-populated\">\n\t\t\t\t\t\t\t\t<div class=\"elementor-element elementor-element-f08348f elementor-widget elementor-widget-heading\" data-id=\"f08348f\" data-element_type=\"widget\" data-widget_type=\"heading.default\">\n\t\t\t\t<div class=\"elementor-widget-container\">\n\t\t\t<h2 class=\"elementor-heading-title elementor-size-default\">Enlaces \u00fatiles<\/h2>\t\t<\/div>\n\t\t\t\t<\/div>\n\t\t\t\t<div class=\"elementor-element elementor-element-80d0baf elementor-widget elementor-widget-text-editor\" data-id=\"80d0baf\" data-element_type=\"widget\" data-widget_type=\"text-editor.default\">\n\t\t\t\t<div class=\"elementor-widget-container\">\n\t\t\t\t\t\t\t<p>App m\u00f3vil \u00bfQu\u00e9 pasa si te pasas?<br \/><a href=\"https:\/\/www.facebook.com\/App.QuePasaSiTePasas\/\">https:\/\/www.facebook.com\/App.QuePasaSiTePasas\/<\/a><\/p><p>Manual del programa de prevenci\u00f3n de habilidades sociales \u201cHuellitas\u201d<br \/><a href=\"http:\/\/www.uade.inpsiquiatria.edu.mx\/pagina_contenidos\/libros\/huellitas.pdf\">http:\/\/www.uade.inpsiquiatria.edu.mx\/pagina_contenidos\/libros\/huellitas.pdf<\/a><\/p><p>La l\u00ednea de la vida<br \/><a href=\"https:\/\/www.gob.mx\/salud\/conadic\/acciones-y-programas\/centro-de-atencion-ciudadana-contra-las-adicciones-134381\">https:\/\/www.gob.mx\/salud\/conadic\/acciones-y-programas\/centro-de-atencion-ciudadana-contra-las-adicciones-134381<\/a><\/p><p>Micrositio de Salud mental y Adicciones de CIJ<br \/><a href=\"http:\/\/www.cij.gob.mx\/autodiagnostico\/index.asp\">http:\/\/www.cij.gob.mx\/autodiagnostico\/index.asp<\/a><\/p><p>Programa en L\u00ednea Ayuda para familiares de consumidores de alcohol y drogas<br \/><a href=\"https:\/\/familiayadicciones.org.mx\/\">https:\/\/familiayadicciones.org.mx\/<\/a><\/p><p>Programa de Prevenci\u00f3n de Adicciones del Gobierno de M\u00e9xico<br \/><a href=\"https:\/\/www.gob.mx\/lineadelavida\">https:\/\/www.gob.mx\/lineadelavida<\/a><\/p><p>Manual para padres \u201cHable con sus hijos sobre el uso de alcohol\u201d<br \/><a href=\"https:\/\/www.niaaa.nih.gov\/sites\/default\/files\/publications\/SpanDiff_0.pdf\">https:\/\/www.niaaa.nih.gov\/sites\/default\/files\/publications\/SpanDiff_0.pdf<\/a>.<\/p><p>Informaci\u00f3n sobre alcohol para mujeres embarazadas<br \/><a href=\"https:\/\/www.aacap.org\/AACAP\/Families_and_Youth\/Facts_for_Families\/Facts_for_Families_Pages\/Spanish\/El_Tomar_Alcohol_Durante_el_Embarazo_Los_Efectos_del_Alcohol_en_el_Feto_93.aspx\">https:\/\/www.aacap.org\/AACAP\/Families_and_Youth\/Facts_for_Families\/Facts_for_Families_Pages\/Spanish\/El_Tomar_Alcohol_Durante_el_Embarazo_Los_Efectos_del_Alcohol_en_el_Feto_93.aspx<\/a><\/p>\t\t\t\t\t\t<\/div>\n\t\t\t\t<\/div>\n\t\t\t\t\t<\/div>\n\t\t<\/div>\n\t\t\t\t\t\t\t<\/div>\n\t\t<\/section>\n\t\t\t\t\t\t\t<\/div>","protected":false},"excerpt":{"rendered":"<p>Links \u00dateis Coordenadorias Conselho Estadual Sobre de Pol\u00edticas Sobre Drogas\u00a0 Centro de Apoio Centro de Valoriza\u00e7\u00e3o da Vida \u2013 CVV\u00a0 Associa\u00e7\u00f5es Associa\u00e7\u00e3o Brasileira Multidisciplinar de estudos Sobre Drogas\u00a0 Associa\u00e7\u00e3o Brasileira de Estudos do \u00c1lcool e Outras Drogas\u00a0 Associa\u00e7\u00e3o Brasileira de Psiquiatria Sociedades Sociedade Brasileira de Psicologia\u00a0 Auto ajuda Alco\u00f3licos An\u00f4nimos\u00a0 Grupos de Familiares Al-Anon do [&hellip;]<\/p>","protected":false},"author":5,"featured_media":0,"parent":667,"menu_order":0,"comment_status":"closed","ping_status":"closed","template":"","meta":{"footnotes":""},"class_list":["post-431","page","type-page","status-publish","hentry"],"acf":[],"_links":{"self":[{"href":"https:\/\/informalcool.org.br\/es\/wp-json\/wp\/v2\/pages\/431","targetHints":{"allow":["GET"]}}],"collection":[{"href":"https:\/\/informalcool.org.br\/es\/wp-json\/wp\/v2\/pages"}],"about":[{"href":"https:\/\/informalcool.org.br\/es\/wp-json\/wp\/v2\/types\/page"}],"author":[{"embeddable":true,"href":"https:\/\/informalcool.org.br\/es\/wp-json\/wp\/v2\/users\/5"}],"replies":[{"embeddable":true,"href":"https:\/\/informalcool.org.br\/es\/wp-json\/wp\/v2\/comments?post=431"}],"version-history":[{"count":52,"href":"https:\/\/informalcool.org.br\/es\/wp-json\/wp\/v2\/pages\/431\/revisions"}],"predecessor-version":[{"id":4843,"href":"https:\/\/informalcool.org.br\/es\/wp-json\/wp\/v2\/pages\/431\/revisions\/4843"}],"up":[{"embeddable":true,"href":"https:\/\/informalcool.org.br\/es\/wp-json\/wp\/v2\/pages\/667"}],"wp:attachment":[{"href":"https:\/\/informalcool.org.br\/es\/wp-json\/wp\/v2\/media?parent=431"}],"curies":[{"name":"wp","href":"https:\/\/api.w.org\/{rel}","templated":true}]}}