{"id":436,"date":"2021-07-07T09:43:24","date_gmt":"2021-07-07T12:43:24","guid":{"rendered":"https:\/\/afip-prod-brz-informalcool.azurewebsites.net\/?page_id=436"},"modified":"2025-04-09T13:50:53","modified_gmt":"2025-04-09T16:50:53","slug":"diagnostico-e-tratamento","status":"publish","type":"page","link":"https:\/\/informalcool.org.br\/es\/para-profissionais\/diagnostico-e-tratamento\/","title":{"rendered":"Diagn\u00f3stico y tratamiento"},"content":{"rendered":"<div data-elementor-type=\"wp-page\" data-elementor-id=\"436\" class=\"elementor elementor-436\">\n\t\t\t\t\t\t\t\t\t<section class=\"elementor-section elementor-top-section elementor-element elementor-element-3a0024e elementor-section-boxed elementor-section-height-default elementor-section-height-default\" data-id=\"3a0024e\" data-element_type=\"section\">\n\t\t\t\t\t\t<div class=\"elementor-container elementor-column-gap-default\">\n\t\t\t\t\t<div class=\"elementor-column elementor-col-100 elementor-top-column elementor-element elementor-element-2df108f\" data-id=\"2df108f\" data-element_type=\"column\">\n\t\t\t<div class=\"elementor-widget-wrap elementor-element-populated\">\n\t\t\t\t\t\t\t\t<div class=\"elementor-element elementor-element-1ba7f61 elementor-widget elementor-widget-heading\" data-id=\"1ba7f61\" data-element_type=\"widget\" data-widget_type=\"heading.default\">\n\t\t\t\t<div class=\"elementor-widget-container\">\n\t\t\t<h2 class=\"elementor-heading-title elementor-size-default\">Diagn\u00f3stico y tratamiento<\/h2>\t\t<\/div>\n\t\t\t\t<\/div>\n\t\t\t\t<div class=\"elementor-element elementor-element-05a25c6 elementor-widget elementor-widget-text-editor\" data-id=\"05a25c6\" data-element_type=\"widget\" data-widget_type=\"text-editor.default\">\n\t\t\t\t<div class=\"elementor-widget-container\">\n\t\t\t\t\t\t\t<p>En esta secci\u00f3n encontrar\u00e1s lecturas sobre diagn\u00f3stico y tratamiento, as\u00ed como materiales para ayudarte en la atenci\u00f3n de personas con problemas relacionados con el alcohol.<\/p><h2>Manuales:<\/h2><ul><li>Manual de la prueba AUDIT (ingl\u00e9s)<br \/><a href=\"https:\/\/www.paho.org\/sites\/default\/files\/Auditmanual_ENG.pdf\">https:\/\/www.paho.org\/sites\/default\/files\/Auditmanual_ENG.pdf<\/a><\/li><li>Manual de la prueba AUDIT (espa\u00f1ol)<br \/><a href=\"https:\/\/www.paho.org\/sites\/default\/files\/AUDIT_spa.pdf\">https:\/\/www.paho.org\/sites\/default\/files\/AUDIT_spa.pdf<\/a><\/li><li>Manual de intervenci\u00f3n breve para el consumo de Riesgo y Perjudicial de Alcohol (ingl\u00e9s)<br \/><a href=\"https:\/\/www.who.int\/publications\/i\/item\/brief-intervention-for-hazardous-and-harmful-drinking-(audit)\">https:\/\/www.who.int\/publications\/i\/item\/brief-intervention-for-hazardous-and-harmful-drinking-(audit)<\/a><\/li><li>Manual de intervenci\u00f3n breve para el consumo de Riesgo y Perjudicial de Alcohol (espa\u00f1ol)<br \/><a href=\"https:\/\/www.who.int\/docs\/default-source\/substance-use\/bimanualspanish.pdf\">https:\/\/www.who.int\/docs\/default-source\/substance-use\/bimanualspanish.pdf<\/a><\/li><li>La prueba de detecci\u00f3n de consumo de alcohol, tabaco y sustancias (ASSIST) (ingl\u00e9s)<br \/><a href=\"https:\/\/www.who.int\/publications\/i\/item\/978924159938-2\">https:\/\/www.who.int\/publications\/i\/item\/978924159938-2<\/a><\/li><li>La prueba de detecci\u00f3n de consumo de alcohol, tabaco y sustancias (ASSIST) (espa\u00f1ol)<br \/><a href=\"https:\/\/iris.who.int\/handle\/10665\/85403\">https:\/\/iris.who.int\/handle\/10665\/85403<\/a><\/li><li>Intervenci\u00f3n breve vinculada a la prueba ASSIST para el uso riesgoso y nocivo de sustancias: Manual para uso en la atenci\u00f3n primaria<br \/><a href=\"https:\/\/www.paho.org\/es\/documentos\/intervencion-breve-vinculada-assist-para-consumo-riesgoso-nocivo-sustancias-manual-para\">https:\/\/www.paho.org\/es\/documentos\/intervencion-breve-vinculada-assist-para-consumo-riesgoso-nocivo-sustancias-manual-para<\/a><\/li><li>Estrategias de autoayuda para reducir o detener el consumo de sustancias: una gu\u00eda<br \/><a href=\"https:\/\/iris.who.int\/handle\/10665\/85402\">https:\/\/iris.who.int\/handle\/10665\/85402<\/a><\/li><li>Manual de Detecci\u00f3n Temprana e Intervenci\u00f3n Breve para Bebedores Problema<br \/><a href=\"https:\/\/raulmartindelcampo.wordpress.com\/wp-content\/uploads\/2016\/11\/manual-bebedores-problema.pdf\">https:\/\/raulmartindelcampo.wordpress.com\/wp-content\/uploads\/2016\/11\/manual-bebedores-problema.pdf<\/a><\/li><li>Programa de Intervenci\u00f3n Breve para Adolescentes que Inician el Consumo de Alcohol y otras Drogas<br \/><a href=\"https:\/\/www.issup.net\/files\/2020-06\/Manual%20Programa%20de%20Intervenci%C3%B3n%20Breve%20para%20adolescentes%20que%20inician%20el%20consumo%20de%20alcohol%20u%20otras%20drogas.pdf\">https:\/\/www.issup.net\/files\/2020-06\/Manual%20Programa%20de%20Intervenci%C3%B3n%20Breve%20para%20adolescentes%20que%20inician%20el%20consumo%20de%20alcohol%20u%20otras%20drogas.pdf<\/a><\/li><li>Alcohol y atenci\u00f3n primaria de la salud. Informaciones cl\u00ednicas b\u00e1sicas para la identificaci\u00f3n y el manejo de riesgos y problemas. 2008. OPS<br \/><a href=\"https:\/\/socidrogalcohol.org\/wp-content\/Pdf\/publicaciones\/alcohol\/documentos\/Alcohol-atencion-primaria-2008.pdf\">https:\/\/socidrogalcohol.org\/wp-content\/Pdf\/publicaciones\/alcohol\/documentos\/Alcohol-atencion-primaria-2008.pdf<\/a><\/li><li>Ayudando a Pacientes Que Beben en Exceso &#8211; Gu\u00eda Para Profesionales de la Salud, 2005 \u2013 Helping excessive drinkers \u2013 A guide for health professionals<\/li><li>Una Gu\u00eda De Bolsillo. Indagaci\u00f3n del abuso del alcohol y una intervenci\u00f3n Breve, 2005<br \/><a href=\"http:\/\/www.biblioteca.cij.gob.mx\/Archivos\/Materiales_de_consulta\/Drogas_de_Abuso\/Articulos\/Ayudando%20a%20pacientes%20que%20beben%20en%20exceso.pdf\">http:\/\/www.biblioteca.cij.gob.mx\/Archivos\/Materiales_de_consulta\/Drogas_de_Abuso\/Articulos\/Ayudando%20a%20pacientes%20que%20beben%20en%20exceso.pdf<\/a><\/li><li>Gu\u00eda: Programa de prevenci\u00f3n en salud mental y adicciones<br \/><a href=\"https:\/\/lafuente.mx\/?p=847&amp;\">https:\/\/lafuente.mx\/?p=847&amp;<\/a><\/li><\/ul>\t\t\t\t\t\t<\/div>\n\t\t\t\t<\/div>\n\t\t\t\t\t<\/div>\n\t\t<\/div>\n\t\t\t\t\t\t\t<\/div>\n\t\t<\/section>\n\t\t\t\t\t\t\t<\/div>","protected":false},"excerpt":{"rendered":"<p>Diagn\u00f3stico e tratamento Nesta sess\u00e3o voc\u00ea encontrar\u00e1 sugest\u00f5es de leitura sobre diagn\u00f3stico e tratamento e uma s\u00e9rie de materiais disponibilizados para ajud\u00e1-lo a tratar pessoas com problemas relacionados ao uso de \u00e1lcool.\u00a0 Os textos foram selecionados do material did\u00e1tico do curso SUPERA desenvolvido pela equipe do Departamentos de Psicobiologia\/Unidade de Depend\u00eancia de Drogas (UDED) e [&hellip;]<\/p>","protected":false},"author":5,"featured_media":0,"parent":667,"menu_order":0,"comment_status":"closed","ping_status":"closed","template":"","meta":{"footnotes":""},"class_list":["post-436","page","type-page","status-publish","hentry"],"acf":[],"_links":{"self":[{"href":"https:\/\/informalcool.org.br\/es\/wp-json\/wp\/v2\/pages\/436","targetHints":{"allow":["GET"]}}],"collection":[{"href":"https:\/\/informalcool.org.br\/es\/wp-json\/wp\/v2\/pages"}],"about":[{"href":"https:\/\/informalcool.org.br\/es\/wp-json\/wp\/v2\/types\/page"}],"author":[{"embeddable":true,"href":"https:\/\/informalcool.org.br\/es\/wp-json\/wp\/v2\/users\/5"}],"replies":[{"embeddable":true,"href":"https:\/\/informalcool.org.br\/es\/wp-json\/wp\/v2\/comments?post=436"}],"version-history":[{"count":116,"href":"https:\/\/informalcool.org.br\/es\/wp-json\/wp\/v2\/pages\/436\/revisions"}],"predecessor-version":[{"id":4801,"href":"https:\/\/informalcool.org.br\/es\/wp-json\/wp\/v2\/pages\/436\/revisions\/4801"}],"up":[{"embeddable":true,"href":"https:\/\/informalcool.org.br\/es\/wp-json\/wp\/v2\/pages\/667"}],"wp:attachment":[{"href":"https:\/\/informalcool.org.br\/es\/wp-json\/wp\/v2\/media?parent=436"}],"curies":[{"name":"wp","href":"https:\/\/api.w.org\/{rel}","templated":true}]}}