{"id":456,"date":"2021-07-07T09:49:17","date_gmt":"2021-07-07T12:49:17","guid":{"rendered":"https:\/\/afip-prod-brz-informalcool.azurewebsites.net\/?page_id=456"},"modified":"2025-04-09T14:25:03","modified_gmt":"2025-04-09T17:25:03","slug":"conceitos-e-definicoes","status":"publish","type":"page","link":"https:\/\/informalcool.org.br\/es\/para-profissionais\/conceitos-e-definicoes\/","title":{"rendered":"Conceitos e Defini\u00e7\u00f5es"},"content":{"rendered":"<div data-elementor-type=\"wp-page\" data-elementor-id=\"456\" class=\"elementor elementor-456\">\n\t\t\t\t\t\t\t\t\t<section class=\"elementor-section elementor-top-section elementor-element elementor-element-8b0b512 elementor-section-boxed elementor-section-height-default elementor-section-height-default\" data-id=\"8b0b512\" data-element_type=\"section\">\n\t\t\t\t\t\t<div class=\"elementor-container elementor-column-gap-default\">\n\t\t\t\t\t<div class=\"elementor-column elementor-col-100 elementor-top-column elementor-element elementor-element-782b4fa\" data-id=\"782b4fa\" data-element_type=\"column\">\n\t\t\t<div class=\"elementor-widget-wrap elementor-element-populated\">\n\t\t\t\t\t\t\t\t<div class=\"elementor-element elementor-element-dc60b05 elementor-widget elementor-widget-heading\" data-id=\"dc60b05\" data-element_type=\"widget\" data-widget_type=\"heading.default\">\n\t\t\t\t<div class=\"elementor-widget-container\">\n\t\t\t<h2 class=\"elementor-heading-title elementor-size-default\">Conceptos y definiciones\n<\/h2>\t\t<\/div>\n\t\t\t\t<\/div>\n\t\t\t\t<div class=\"elementor-element elementor-element-3bc8653 elementor-widget elementor-widget-text-editor\" data-id=\"3bc8653\" data-element_type=\"widget\" data-widget_type=\"text-editor.default\">\n\t\t\t\t<div class=\"elementor-widget-container\">\n\t\t\t\t\t\t\t<p>Aqu\u00ed encontrar\u00e1s conceptos y definiciones relacionadas con el consumo de alcohol y sus consecuencias<\/p><h2>Consumo de riesgo<\/h2><p>La persona puede embriagarse en ocasiones. Esto puede poner en riesgo al bebedor y\/o a otras personas.<\/p><h2>Consumo perjudicial<\/h2><p>El consumo de alcohol est\u00e1 afectando de forma negativa la vida del consumidor o la de alguien m\u00e1s.<\/p><h2>Dependencia al alcohol<\/h2><p>Se presenta en personas que han consumido alcohol de forma continua, durante un per\u00edodo prolongado y\/o en dosis elevadas y se caracteriza por un fuerte deseo de consumir, dificultades para controlar el consumo, consumo a pesar de conocer sus consecuencias nocivas, priorizar el consumo en relaci\u00f3n con otras actividades y obligaciones, tolerancia y un estado de abstinencia caracterizado por un intenso malestar f\u00edsico y emocional en ausencia de la bebida.<\/p><h2>Tolerancia<\/h2><p>Es la disminuci\u00f3n en la respuesta a los efectos del alcohol cuando el individuo presenta un uso continuo, es decir, la tolerancia se presenta cuando son necesarias mayores cantidades de alcohol para que experimentar los efectos que se ten\u00edan al inicio. Tanto los factores fisiol\u00f3gicos como los psicol\u00f3gicos pueden contribuir al desarrollo de la tolerancia, que puede ser f\u00edsica, conductual o psicol\u00f3gica.<\/p><h2>S\u00edndrome de abstinencia<\/h2><p>Es un conjunto de s\u00edntomas que se presentan cuando se deja de beber repentinamente despu\u00e9s de beber de forma continua, durante un per\u00edodo prolongado y\/o en dosis elevadas. El s\u00edndrome puede ir acompa\u00f1ado de diversos s\u00edntomas fisiol\u00f3gicos.<\/p><h2>Copa Est\u00e1ndar de Alcohol<\/h2><p>Es una forma sencilla de saber la cantidad de alcohol que est\u00e1s ingiriendo. Mide la cantidad de alcohol puro en una bebida (copa). Normalmente tiene 10 gramos de alcohol puro. Una copa est\u00e1ndar tiene la misma cantidad de alcohol, sin importar el tama\u00f1o del recipiente o el tipo de bebida alcoh\u00f3lica. Para saber el n\u00famero de tragos est\u00e1ndar que est\u00e1s bebiendo, puedes usar la siguiente f\u00f3rmula:<\/p><p><strong>Cantidad de bebida en ml (volumen) X Porcentaje de graduaci\u00f3n de alcohol (% de alcohol) X Densidad de etanol a temperatura ambiente (0.789)\/10<\/strong><\/p><p>Ejemplo:<br \/>500 ml de cerveza que tiene 5% de alcohol<br \/>500 (ml de la bebida) X 0.05(porcentaje de alcohol en la bebida) X 0.789 (densidad de etanol) \/10 = 1.97 (aproximadamente 2 copas est\u00e1ndar)<\/p>\t\t\t\t\t\t<\/div>\n\t\t\t\t<\/div>\n\t\t\t\t<div class=\"elementor-element elementor-element-53ebfb7 elementor-widget elementor-widget-image\" data-id=\"53ebfb7\" data-element_type=\"widget\" data-widget_type=\"image.default\">\n\t\t\t\t<div class=\"elementor-widget-container\">\n\t\t\t\t\t\t\t\t\t\t\t\t\t\t\t<img loading=\"lazy\" decoding=\"async\" width=\"768\" height=\"428\" src=\"https:\/\/informalcool.org.br\/wp-content\/uploads\/2025\/04\/dosepadrao-espanhol-9_4_25-768x428.png\" class=\"attachment-medium_large size-medium_large wp-image-4784\" alt=\"\" srcset=\"https:\/\/informalcool.org.br\/wp-content\/uploads\/2025\/04\/dosepadrao-espanhol-9_4_25-768x428.png 768w, https:\/\/informalcool.org.br\/wp-content\/uploads\/2025\/04\/dosepadrao-espanhol-9_4_25-300x167.png 300w, https:\/\/informalcool.org.br\/wp-content\/uploads\/2025\/04\/dosepadrao-espanhol-9_4_25-18x10.png 18w, https:\/\/informalcool.org.br\/wp-content\/uploads\/2025\/04\/dosepadrao-espanhol-9_4_25.png 910w\" sizes=\"auto, (max-width: 768px) 100vw, 768px\" \/>\t\t\t\t\t\t\t\t\t\t\t\t\t\t\t<\/div>\n\t\t\t\t<\/div>\n\t\t\t\t<div class=\"elementor-element elementor-element-5f6116b elementor-widget elementor-widget-heading\" data-id=\"5f6116b\" data-element_type=\"widget\" data-widget_type=\"heading.default\">\n\t\t\t\t<div class=\"elementor-widget-container\">\n\t\t\t<h2 class=\"elementor-heading-title elementor-size-default\">A continuaci\u00f3n, algunos ejemplos:<\/h2>\t\t<\/div>\n\t\t\t\t<\/div>\n\t\t\t\t<div class=\"elementor-element elementor-element-a364156 elementor-tabs-view-horizontal elementor-widget elementor-widget-tabs\" data-id=\"a364156\" data-element_type=\"widget\" data-widget_type=\"tabs.default\">\n\t\t\t\t<div class=\"elementor-widget-container\">\n\t\t\t\t\t<div class=\"elementor-tabs\">\n\t\t\t<div class=\"elementor-tabs-wrapper\" role=\"tablist\" >\n\t\t\t\t\t\t\t\t\t<div id=\"elementor-tab-title-1711\" class=\"elementor-tab-title elementor-tab-desktop-title\" aria-selected=\"true\" data-tab=\"1\" role=\"tab\" tabindex=\"0\" aria-controls=\"elementor-tab-content-1711\" aria-expanded=\"false\">Cervezas <\/div>\n\t\t\t\t\t\t\t\t\t<div id=\"elementor-tab-title-1712\" class=\"elementor-tab-title elementor-tab-desktop-title\" aria-selected=\"false\" data-tab=\"2\" role=\"tab\" tabindex=\"-1\" aria-controls=\"elementor-tab-content-1712\" aria-expanded=\"false\">Vinos <\/div>\n\t\t\t\t\t\t\t\t\t<div id=\"elementor-tab-title-1713\" class=\"elementor-tab-title elementor-tab-desktop-title\" aria-selected=\"false\" data-tab=\"3\" role=\"tab\" tabindex=\"-1\" aria-controls=\"elementor-tab-content-1713\" aria-expanded=\"false\">Vinos dulces o licores <\/div>\n\t\t\t\t\t\t\t\t\t<div id=\"elementor-tab-title-1714\" class=\"elementor-tab-title elementor-tab-desktop-title\" aria-selected=\"false\" data-tab=\"4\" role=\"tab\" tabindex=\"-1\" aria-controls=\"elementor-tab-content-1714\" aria-expanded=\"false\">Destilados<\/div>\n\t\t\t\t\t\t\t\t\t<div id=\"elementor-tab-title-1715\" class=\"elementor-tab-title elementor-tab-desktop-title\" aria-selected=\"false\" data-tab=\"5\" role=\"tab\" tabindex=\"-1\" aria-controls=\"elementor-tab-content-1715\" aria-expanded=\"false\">Bebidas preparadas <\/div>\n\t\t\t\t\t\t\t<\/div>\n\t\t\t<div class=\"elementor-tabs-content-wrapper\" role=\"tablist\" aria-orientation=\"vertical\">\n\t\t\t\t\t\t\t\t\t<div class=\"elementor-tab-title elementor-tab-mobile-title\" aria-selected=\"true\" data-tab=\"1\" role=\"tab\" tabindex=\"0\" aria-controls=\"elementor-tab-content-1711\" aria-expanded=\"false\">Cervezas <\/div>\n\t\t\t\t\t<div id=\"elementor-tab-content-1711\" class=\"elementor-tab-content elementor-clearfix\" data-tab=\"1\" role=\"tabpanel\" aria-labelledby=\"elementor-tab-title-1711\" tabindex=\"0\" hidden=\"false\"><ul><li><p>Una lata o botella de 500 ml de cerveza (5% grados de alcohol) contiene aproximadamente 2 copas est\u00e1ndar.<\/p><\/li><li><p>Las cervezas t\u00edpicamente denominadas \u201cLager\u201d o \u201cAle\u201d pueden contener m\u00e1s de dos unidades de dosis est\u00e1ndar por cada 500ml, ya que tienen una graduaci\u00f3n alcoh\u00f3lica superior al 5%.<\/p><\/li><li><p>Un litro de una cerveza (5,5% a 6%) contiene alrededor de 5.5 a 6 tragos est\u00e1ndar.<\/p><\/li><\/ul><\/div>\n\t\t\t\t\t\t\t\t\t<div class=\"elementor-tab-title elementor-tab-mobile-title\" aria-selected=\"false\" data-tab=\"2\" role=\"tab\" tabindex=\"-1\" aria-controls=\"elementor-tab-content-1712\" aria-expanded=\"false\">Vinos <\/div>\n\t\t\t\t\t<div id=\"elementor-tab-content-1712\" class=\"elementor-tab-content elementor-clearfix\" data-tab=\"2\" role=\"tabpanel\" aria-labelledby=\"elementor-tab-title-1712\" tabindex=\"0\" hidden=\"hidden\"><ul><li>Una copa promedio (alrededor de 150 ml) de vino con 12% grados de alcohol equivale aproximadamente a dos 1.4 copas est\u00e1ndar.<\/li><li>El vino tinto puede contener una mayor cantidad de alcohol (de 12% a 16%).<\/li><li>Una botella de vino de 750 ml con un grado alcoh\u00f3lico del 15% equivale a aproximadamente 9 copas est\u00e1ndar.<\/li><\/ul><\/div>\n\t\t\t\t\t\t\t\t\t<div class=\"elementor-tab-title elementor-tab-mobile-title\" aria-selected=\"false\" data-tab=\"3\" role=\"tab\" tabindex=\"-1\" aria-controls=\"elementor-tab-content-1713\" aria-expanded=\"false\">Vinos dulces o licores <\/div>\n\t\t\t\t\t<div id=\"elementor-tab-content-1713\" class=\"elementor-tab-content elementor-clearfix\" data-tab=\"3\" role=\"tabpanel\" aria-labelledby=\"elementor-tab-title-1713\" tabindex=\"0\" hidden=\"hidden\"><ul><li>Un vaso peque\u00f1o (50ml) de vino dulce o licor como El jerez o El oporto (aproximadamente 20%) equivale aproximadamente a una copa est\u00e1ndar.<\/li><\/ul><\/div>\n\t\t\t\t\t\t\t\t\t<div class=\"elementor-tab-title elementor-tab-mobile-title\" aria-selected=\"false\" data-tab=\"4\" role=\"tab\" tabindex=\"-1\" aria-controls=\"elementor-tab-content-1714\" aria-expanded=\"false\">Destilados<\/div>\n\t\t\t\t\t<div id=\"elementor-tab-content-1714\" class=\"elementor-tab-content elementor-clearfix\" data-tab=\"4\" role=\"tabpanel\" aria-labelledby=\"elementor-tab-title-1714\" tabindex=\"0\" hidden=\"hidden\"><ul><li>La mayor\u00eda de los destilados, como el tequila o el ron, tienen un contenido de alcohol de alrededor del 40%. Por lo general, un shot de alcohol (25 ml o 1 oz) contiene una copa est\u00e1ndar.<\/li><\/ul><\/div>\n\t\t\t\t\t\t\t\t\t<div class=\"elementor-tab-title elementor-tab-mobile-title\" aria-selected=\"false\" data-tab=\"5\" role=\"tab\" tabindex=\"-1\" aria-controls=\"elementor-tab-content-1715\" aria-expanded=\"false\">Bebidas preparadas <\/div>\n\t\t\t\t\t<div id=\"elementor-tab-content-1715\" class=\"elementor-tab-content elementor-clearfix\" data-tab=\"5\" role=\"tabpanel\" aria-labelledby=\"elementor-tab-title-1715\" tabindex=\"0\" hidden=\"hidden\"><ul><li>La mayor\u00eda de las bebidas preparadas contienen 2 onzas de destilado con distintos mezcladores y endulzantes, por lo que se puede considerar que, en general, las bebidas preparadas o cocteles equivalen a 2 copas est\u00e1ndar.<\/li><\/ul><\/div>\n\t\t\t\t\t\t\t<\/div>\n\t\t<\/div>\n\t\t\t\t<\/div>\n\t\t\t\t<\/div>\n\t\t\t\t<div class=\"elementor-element elementor-element-7111291 elementor-widget-divider--view-line elementor-widget elementor-widget-divider\" data-id=\"7111291\" data-element_type=\"widget\" data-widget_type=\"divider.default\">\n\t\t\t\t<div class=\"elementor-widget-container\">\n\t\t\t\t\t<div class=\"elementor-divider\">\n\t\t\t<span class=\"elementor-divider-separator\">\n\t\t\t\t\t\t<\/span>\n\t\t<\/div>\n\t\t\t\t<\/div>\n\t\t\t\t<\/div>\n\t\t\t\t<div class=\"elementor-element elementor-element-a0bed4e elementor-widget elementor-widget-text-editor\" data-id=\"a0bed4e\" data-element_type=\"widget\" data-widget_type=\"text-editor.default\">\n\t\t\t\t<div class=\"elementor-widget-container\">\n\t\t\t\t\t\t\t<p><strong>Referencias bibliogr\u00e1ficas:<\/strong><\/p><ol><li>Babor, T., Campbell, R., Room, R. and Saunders, J.(Eds.) Lexicon of Alcohol and Drug Terms, World Health Organization, Geneva, 1994.\u00a0<\/li><li>World Health Organization. The ICD-0 Classification of Mental and Behavioural Disorders: Diagnostic criteria for research, World Health Organization, Geneva, 1993.\u00a0<\/li><\/ol>\t\t\t\t\t\t<\/div>\n\t\t\t\t<\/div>\n\t\t\t\t\t<\/div>\n\t\t<\/div>\n\t\t\t\t\t\t\t<\/div>\n\t\t<\/section>\n\t\t\t\t\t\t\t<\/div>","protected":false},"excerpt":{"rendered":"<p>Conceitos e defini\u00e7\u00f5es Saiba mais sobre diferentes termos usados para descrever os v\u00e1rios perfis de consumo de \u00e1lcool, suas diferen\u00e7as, similaridades e algumas quest\u00f5es cient\u00edficas referentes a cada tipo de consumo. Aqui, voc\u00ea tamb\u00e9m encontrar\u00e1 mais informa\u00e7\u00f5es sobre como muitas pessoas s\u00e3o afetadas pelo consumo, mesmo quando os sintomas ainda n\u00e3o est\u00e3o presentes. Consumo moderado [&hellip;]<\/p>","protected":false},"author":5,"featured_media":0,"parent":667,"menu_order":0,"comment_status":"closed","ping_status":"closed","template":"","meta":{"footnotes":""},"class_list":["post-456","page","type-page","status-publish","hentry"],"acf":[],"_links":{"self":[{"href":"https:\/\/informalcool.org.br\/es\/wp-json\/wp\/v2\/pages\/456","targetHints":{"allow":["GET"]}}],"collection":[{"href":"https:\/\/informalcool.org.br\/es\/wp-json\/wp\/v2\/pages"}],"about":[{"href":"https:\/\/informalcool.org.br\/es\/wp-json\/wp\/v2\/types\/page"}],"author":[{"embeddable":true,"href":"https:\/\/informalcool.org.br\/es\/wp-json\/wp\/v2\/users\/5"}],"replies":[{"embeddable":true,"href":"https:\/\/informalcool.org.br\/es\/wp-json\/wp\/v2\/comments?post=456"}],"version-history":[{"count":185,"href":"https:\/\/informalcool.org.br\/es\/wp-json\/wp\/v2\/pages\/456\/revisions"}],"predecessor-version":[{"id":4813,"href":"https:\/\/informalcool.org.br\/es\/wp-json\/wp\/v2\/pages\/456\/revisions\/4813"}],"up":[{"embeddable":true,"href":"https:\/\/informalcool.org.br\/es\/wp-json\/wp\/v2\/pages\/667"}],"wp:attachment":[{"href":"https:\/\/informalcool.org.br\/es\/wp-json\/wp\/v2\/media?parent=456"}],"curies":[{"name":"wp","href":"https:\/\/api.w.org\/{rel}","templated":true}]}}