{"id":632,"date":"2022-04-08T10:25:54","date_gmt":"2022-04-08T13:25:54","guid":{"rendered":"https:\/\/afip-prod-brz-informalcool.azurewebsites.net\/?page_id=632"},"modified":"2025-10-17T09:30:28","modified_gmt":"2025-10-17T12:30:28","slug":"programa-bebermenos","status":"publish","type":"page","link":"https:\/\/informalcool.org.br\/es\/alcool-e-voce\/programa-bebermenos\/","title":{"rendered":"El Programa Bebermenos"},"content":{"rendered":"<div data-elementor-type=\"wp-page\" data-elementor-id=\"632\" class=\"elementor elementor-632\">\n\t\t\t\t\t\t\t\t\t<section class=\"elementor-section elementor-top-section elementor-element elementor-element-3a01337 elementor-section-boxed elementor-section-height-default elementor-section-height-default\" data-id=\"3a01337\" data-element_type=\"section\">\n\t\t\t\t\t\t<div class=\"elementor-container elementor-column-gap-default\">\n\t\t\t\t\t<div class=\"elementor-column elementor-col-100 elementor-top-column elementor-element elementor-element-10d9dbb\" data-id=\"10d9dbb\" data-element_type=\"column\">\n\t\t\t<div class=\"elementor-widget-wrap elementor-element-populated\">\n\t\t\t\t\t\t\t\t<div class=\"elementor-element elementor-element-9ce4fd6 elementor-widget elementor-widget-heading\" data-id=\"9ce4fd6\" data-element_type=\"widget\" data-widget_type=\"heading.default\">\n\t\t\t\t<div class=\"elementor-widget-container\">\n\t\t\t<h2 class=\"elementor-heading-title elementor-size-default\">El Programa Bebermenos<\/h2>\t\t<\/div>\n\t\t\t\t<\/div>\n\t\t\t\t<div class=\"elementor-element elementor-element-1bb05f2 elementor-widget elementor-widget-text-editor\" data-id=\"1bb05f2\" data-element_type=\"widget\" data-widget_type=\"text-editor.default\">\n\t\t\t\t<div class=\"elementor-widget-container\">\n\t\t\t\t\t\t\t<p>Beber Menos es un programa que te guiar\u00e1 paso por paso para reducir el consumo de alcohol o dejar de beber. \u00a1Es un programa que se puede completar en seis semanas! Es gratuito y tiene resultados probados por estudios cient\u00edficos.<\/p>\t\t\t\t\t\t<\/div>\n\t\t\t\t<\/div>\n\t\t\t\t<div class=\"elementor-element elementor-element-ff69aef elementor-widget elementor-widget-text-editor\" data-id=\"ff69aef\" data-element_type=\"widget\" data-widget_type=\"text-editor.default\">\n\t\t\t\t<div class=\"elementor-widget-container\">\n\t\t\t\t\t\t\t<p><strong>En \u00e9l aprender\u00e1s a:<\/strong><\/p><ul><li>Conocer tus h\u00e1bitos de consumo y evaluar cu\u00e1nto, c\u00f3mo, con qui\u00e9n y por qu\u00e9 bebes;<\/li><li>Identificar situaciones de riesgo de uso excesivo y c\u00f3mo evitarlas;<\/li><li>Enfrentar las ganas de beber;<\/li><li>Desarrollar estrategias para reducir tu consumo y los problemas asociados;<\/li><li>Comprender los problemas causados por el consumo de alcohol y aumentar tu motivaci\u00f3n para cambiar tus h\u00e1bitos.<\/li><\/ul><p>Mira en el v\u00eddeo c\u00f3mo funciona el programa Beber Menos.<\/p>\t\t\t\t\t\t<\/div>\n\t\t\t\t<\/div>\n\t\t\t\t<div class=\"elementor-element elementor-element-2db1259 elementor-widget elementor-widget-video\" data-id=\"2db1259\" data-element_type=\"widget\" data-settings=\"{&quot;youtube_url&quot;:&quot;https:\\\/\\\/youtu.be\\\/oZzqgdF1430?si=7osqhMvazd6sIsJW&quot;,&quot;video_type&quot;:&quot;youtube&quot;,&quot;controls&quot;:&quot;yes&quot;}\" data-widget_type=\"video.default\">\n\t\t\t\t<div class=\"elementor-widget-container\">\n\t\t\t\t\t<div class=\"elementor-wrapper elementor-open-inline\">\n\t\t\t<div class=\"elementor-video\"><\/div>\t\t<\/div>\n\t\t\t\t<\/div>\n\t\t\t\t<\/div>\n\t\t\t\t<div class=\"elementor-element elementor-element-bf6aaed elementor-widget elementor-widget-text-editor\" data-id=\"bf6aaed\" data-element_type=\"widget\" data-widget_type=\"text-editor.default\">\n\t\t\t\t<div class=\"elementor-widget-container\">\n\t\t\t\t\t\t\t<p class=\"MsoNormal\">Si aceptas participar en el estudio \u201c<strong>Evaluaci\u00f3n de la adherencia y efectividad de dos versiones de la Intervenci\u00f3n Beber Menos<\/strong>\u201d, aprobado por el Comit\u00e9 de \u00c9tica en Investigaci\u00f3n de la UNIFESP (projeto:0065\/2021 CAAE: 42205021.6.0000.5505 parecer 5.906.692) y el comit\u00e9 de \u00e9tica del Instituto Nacional de Psiquiatr\u00eda Ram\u00f3n de la Fuente (aprobaci\u00f3n CEI\/C\/045\/2023), adem\u00e1s de aprovechar el programa a trav\u00e9s de tu computadora, tel\u00e9fono inteligente o tableta, ser\u00e1s sorteado\/a (50% de probabilidad) para recibir 3 sesiones de orientaci\u00f3n en l\u00ednea gratuitas. <\/p><p class=\"MsoNormal\">La informaci\u00f3n recopilada a lo largo del estudio es confidencial, no se compartir\u00e1 con terceros, ni con fines comerciales. Para conocer los detalles del estudio haz <a href=\"https:\/\/bebermenos.org.br\/es\/termo-de-consentimento-livre-esclarecido\/\" target=\"_blank\" rel=\"noopener\">clic aqu\u00ed<\/a>.\u00a0<br \/>Para saber si tu consumo de alcohol es riesgoso o sugiere adicci\u00f3n, puedes contestar tres preguntas (AUDIT-C) y recibir retroalimentaci\u00f3n inmediata.<\/p><p class=\"MsoNormal\">Si eres un profesional de la salud y atiendes a personas con problemas relacionados con el consumo de alcohol o tienes amigos o familiares con estos problemas, visita nuestra biblioteca en donde encontrar\u00e1s materiales con informaci\u00f3n importante sobre los efectos del alcohol y c\u00f3mo hablar con las personas que tienen un consumo riesgoso de alcohol o que son dependientes del alcohol.<\/p>\t\t\t\t\t\t<\/div>\n\t\t\t\t<\/div>\n\t\t\t\t\t<\/div>\n\t\t<\/div>\n\t\t\t\t\t\t\t<\/div>\n\t\t<\/section>\n\t\t\t\t\t\t\t<\/div>","protected":false},"excerpt":{"rendered":"<p>O Programa Bebermenos \u00c9 um programa de atividades de seis semanas para ajudar voc\u00ea a reduzir seu consumo de \u00e1lcool ou parar de beber! O programa \u00e9 gratuito, com resultados comprovados por estudo cient\u00edfico.\u00a0 Nele voc\u00ea aprender\u00e1 a:\u00a0 Conhecer seus h\u00e1bitos e avaliar quanto, como, com quem \u00a0e \u00a0porque bebe; Reconhecer as situa\u00e7\u00f5es de risco [&hellip;]<\/p>","protected":false},"author":5,"featured_media":0,"parent":662,"menu_order":0,"comment_status":"closed","ping_status":"closed","template":"","meta":{"footnotes":""},"class_list":["post-632","page","type-page","status-publish","hentry"],"acf":[],"_links":{"self":[{"href":"https:\/\/informalcool.org.br\/es\/wp-json\/wp\/v2\/pages\/632","targetHints":{"allow":["GET"]}}],"collection":[{"href":"https:\/\/informalcool.org.br\/es\/wp-json\/wp\/v2\/pages"}],"about":[{"href":"https:\/\/informalcool.org.br\/es\/wp-json\/wp\/v2\/types\/page"}],"author":[{"embeddable":true,"href":"https:\/\/informalcool.org.br\/es\/wp-json\/wp\/v2\/users\/5"}],"replies":[{"embeddable":true,"href":"https:\/\/informalcool.org.br\/es\/wp-json\/wp\/v2\/comments?post=632"}],"version-history":[{"count":214,"href":"https:\/\/informalcool.org.br\/es\/wp-json\/wp\/v2\/pages\/632\/revisions"}],"predecessor-version":[{"id":5039,"href":"https:\/\/informalcool.org.br\/es\/wp-json\/wp\/v2\/pages\/632\/revisions\/5039"}],"up":[{"embeddable":true,"href":"https:\/\/informalcool.org.br\/es\/wp-json\/wp\/v2\/pages\/662"}],"wp:attachment":[{"href":"https:\/\/informalcool.org.br\/es\/wp-json\/wp\/v2\/media?parent=632"}],"curies":[{"name":"wp","href":"https:\/\/api.w.org\/{rel}","templated":true}]}}