{"id":636,"date":"2022-04-08T11:19:53","date_gmt":"2022-04-08T14:19:53","guid":{"rendered":"https:\/\/afip-prod-brz-informalcool.azurewebsites.net\/?page_id=636"},"modified":"2025-04-09T14:59:09","modified_gmt":"2025-04-09T17:59:09","slug":"politica-sobre-o-alcool","status":"publish","type":"page","link":"https:\/\/informalcool.org.br\/es\/politica-e-legislacao\/politica-sobre-o-alcool\/","title":{"rendered":"Pol\u00edtica Sobre o \u00c1lcool"},"content":{"rendered":"<div data-elementor-type=\"wp-page\" data-elementor-id=\"636\" class=\"elementor elementor-636\">\n\t\t\t\t\t\t\t\t\t<section class=\"elementor-section elementor-top-section elementor-element elementor-element-081040c elementor-section-boxed elementor-section-height-default elementor-section-height-default\" data-id=\"081040c\" data-element_type=\"section\">\n\t\t\t\t\t\t<div class=\"elementor-container elementor-column-gap-default\">\n\t\t\t\t\t<div class=\"elementor-column elementor-col-100 elementor-top-column elementor-element elementor-element-3efa535\" data-id=\"3efa535\" data-element_type=\"column\">\n\t\t\t<div class=\"elementor-widget-wrap elementor-element-populated\">\n\t\t\t\t\t\t\t\t<div class=\"elementor-element elementor-element-13dd2c4 elementor-widget elementor-widget-heading\" data-id=\"13dd2c4\" data-element_type=\"widget\" data-widget_type=\"heading.default\">\n\t\t\t\t<div class=\"elementor-widget-container\">\n\t\t\t<h2 class=\"elementor-heading-title elementor-size-default\">Pol\u00edtica Nacional sobre Alcohol<\/h2>\t\t<\/div>\n\t\t\t\t<\/div>\n\t\t\t\t<div class=\"elementor-element elementor-element-f48da5b elementor-widget elementor-widget-text-editor\" data-id=\"f48da5b\" data-element_type=\"widget\" data-widget_type=\"text-editor.default\">\n\t\t\t\t<div class=\"elementor-widget-container\">\n\t\t\t\t\t\t\t<p>Estrategia mundial para reducir el uso nocivo del alcohol &#8211; Global strategy to reduce harmful use of alcohol<br \/><a href=\"https:\/\/www.paho.org\/es\/documentos\/estrategia-mundial-para-reducir-uso-nocivo-alcohol\">https:\/\/www.paho.org\/es\/documentos\/estrategia-mundial-para-reducir-uso-nocivo-alcohol<\/a><\/p><p>Gu\u00eda de intervenci\u00f3n mhGAP \u2013 mhGAP Intervention Guide<br \/><a href=\"https:\/\/iris.paho.org\/handle\/10665.2\/34071\">https:\/\/iris.paho.org\/handle\/10665.2\/34071<\/a><\/p><p>Alcohol y Salud P\u00fablica en las Americas<br \/><a href=\"https:\/\/iris.paho.org\/bitstream\/handle\/10665.2\/2826\/Alcohol%20y%20Salud%20Publica%20en%20las%20Americas.pdf?sequence=5\">https:\/\/iris.paho.org\/bitstream\/handle\/10665.2\/2826\/Alcohol%20y%20Salud%20Publica%20en%20las%20Americas.pdf?sequence=5<\/a><\/p><p>Plan de acci\u00f3n mundial sobreel alcohol 2022-2030<br \/><a href=\"https:\/\/www.who.int\/es\/publications\/i\/item\/9789240090101\">https:\/\/www.who.int\/es\/publications\/i\/item\/9789240090101<\/a><\/p><p>Encuesta Nacional de Consumo de Drogas, Alcohol y Tabaco (2016)<br \/><a href=\"https:\/\/encuestas.insp.mx\/repositorio\/encuestas\/ENCODAT2016\/\">https:\/\/encuestas.insp.mx\/repositorio\/encuestas\/ENCODAT2016\/<\/a><\/p><p>Encuesta Nacional de Consumo de Drogas en Estudiantes 2014 (ENCODE)<br \/><a href=\"https:\/\/www.gob.mx\/salud%7Cconadic\/documentos\/encuesta-nacional-de-consumo-de-drogas-en-estudiantes-2014-encode\">https:\/\/www.gob.mx\/salud%7Cconadic\/documentos\/encuesta-nacional-de-consumo-de-drogas-en-estudiantes-2014-encode<\/a><\/p>\t\t\t\t\t\t<\/div>\n\t\t\t\t<\/div>\n\t\t\t\t\t<\/div>\n\t\t<\/div>\n\t\t\t\t\t\t\t<\/div>\n\t\t<\/section>\n\t\t\t\t\t\t\t<\/div>","protected":false},"excerpt":{"rendered":"<p>Pol\u00edtica Nacional sobre o \u00c1lcool Em maio de 2007, por meio do\u00a0Decreto n\u00ba 6.117, foi apresentada \u00e0 sociedade brasileira a Pol\u00edtica Nacional sobre o \u00c1lcool.\u00a0O objetivo era estabelecer princ\u00edpios que orientem a elabora\u00e7\u00e3o de estrat\u00e9gias para o enfrentamento coletivo dos problemas relacionados ao consumo de \u00e1lcool, tais como as medidas de redu\u00e7\u00e3o ao uso indevido [&hellip;]<\/p>","protected":false},"author":5,"featured_media":0,"parent":648,"menu_order":0,"comment_status":"closed","ping_status":"closed","template":"","meta":{"footnotes":""},"class_list":["post-636","page","type-page","status-publish","hentry"],"acf":[],"_links":{"self":[{"href":"https:\/\/informalcool.org.br\/es\/wp-json\/wp\/v2\/pages\/636","targetHints":{"allow":["GET"]}}],"collection":[{"href":"https:\/\/informalcool.org.br\/es\/wp-json\/wp\/v2\/pages"}],"about":[{"href":"https:\/\/informalcool.org.br\/es\/wp-json\/wp\/v2\/types\/page"}],"author":[{"embeddable":true,"href":"https:\/\/informalcool.org.br\/es\/wp-json\/wp\/v2\/users\/5"}],"replies":[{"embeddable":true,"href":"https:\/\/informalcool.org.br\/es\/wp-json\/wp\/v2\/comments?post=636"}],"version-history":[{"count":67,"href":"https:\/\/informalcool.org.br\/es\/wp-json\/wp\/v2\/pages\/636\/revisions"}],"predecessor-version":[{"id":4846,"href":"https:\/\/informalcool.org.br\/es\/wp-json\/wp\/v2\/pages\/636\/revisions\/4846"}],"up":[{"embeddable":true,"href":"https:\/\/informalcool.org.br\/es\/wp-json\/wp\/v2\/pages\/648"}],"wp:attachment":[{"href":"https:\/\/informalcool.org.br\/es\/wp-json\/wp\/v2\/media?parent=636"}],"curies":[{"name":"wp","href":"https:\/\/api.w.org\/{rel}","templated":true}]}}