{"id":638,"date":"2022-04-08T11:20:15","date_gmt":"2022-04-08T14:20:15","guid":{"rendered":"https:\/\/afip-prod-brz-informalcool.azurewebsites.net\/?page_id=638"},"modified":"2025-04-09T15:01:17","modified_gmt":"2025-04-09T18:01:17","slug":"legislacao-sobre-o-alcool","status":"publish","type":"page","link":"https:\/\/informalcool.org.br\/es\/politica-e-legislacao\/legislacao-sobre-o-alcool\/","title":{"rendered":"Legislaci\u00f3n sobre el alcohol"},"content":{"rendered":"<div data-elementor-type=\"wp-page\" data-elementor-id=\"638\" class=\"elementor elementor-638\">\n\t\t\t\t\t\t\t\t\t<section class=\"elementor-section elementor-top-section elementor-element elementor-element-18651fc elementor-section-boxed elementor-section-height-default elementor-section-height-default\" data-id=\"18651fc\" data-element_type=\"section\">\n\t\t\t\t\t\t<div class=\"elementor-container elementor-column-gap-default\">\n\t\t\t\t\t<div class=\"elementor-column elementor-col-100 elementor-top-column elementor-element elementor-element-fb4d9c5\" data-id=\"fb4d9c5\" data-element_type=\"column\">\n\t\t\t<div class=\"elementor-widget-wrap elementor-element-populated\">\n\t\t\t\t\t\t\t\t<div class=\"elementor-element elementor-element-bf05ed7 elementor-widget elementor-widget-heading\" data-id=\"bf05ed7\" data-element_type=\"widget\" data-widget_type=\"heading.default\">\n\t\t\t\t<div class=\"elementor-widget-container\">\n\t\t\t<h2 class=\"elementor-heading-title elementor-size-default\">Legislaci\u00f3n sobre Alcohol<\/h2>\t\t<\/div>\n\t\t\t\t<\/div>\n\t\t\t\t<div class=\"elementor-element elementor-element-c309a00 elementor-widget__width-initial elementor-widget elementor-widget-text-editor\" data-id=\"c309a00\" data-element_type=\"widget\" data-widget_type=\"text-editor.default\">\n\t\t\t\t<div class=\"elementor-widget-container\">\n\t\t\t\t\t\t\t<p>Ley General de Salud<br \/><a href=\"https:\/\/www.gob.mx\/cms\/uploads\/attachment\/file\/932743\/3._LGS.pdf\">https:\/\/www.gob.mx\/cms\/uploads\/attachment\/file\/932743\/3._LGS.pdf<\/a><\/p><p>Norma Oficial Mexicana NOM-028-SSA2-2009 para la prevenci\u00f3n, tratamiento y control de las adicciones<br \/><a href=\"https:\/\/platiica.economia.gob.mx\/normalizacion\/nom-028-ssa2-2009\/\">https:\/\/platiica.economia.gob.mx\/normalizacion\/nom-028-ssa2-2009\/<\/a><\/p>\t\t\t\t\t\t<\/div>\n\t\t\t\t<\/div>\n\t\t\t\t\t<\/div>\n\t\t<\/div>\n\t\t\t\t\t\t\t<\/div>\n\t\t<\/section>\n\t\t\t\t\t\t\t<\/div>","protected":false},"excerpt":{"rendered":"<p>Legisla\u00e7\u00e3o sobre o \u00c1lcool Sobre a legisla\u00e7\u00e3o sobre o \u00e1lcool, voc\u00ea deve conhecer duas grandes proibi\u00e7\u00f5es que est\u00e3o diretamente ligadas ao consumo desta subst\u00e2ncia: Lei Federal 13.106 \u00c9 proibida a venda de bebidas alco\u00f3licas para menores de 18 anos Proibi\u00e7\u00e3o de venda, fornecimento, servir ou entregar \u00e0 crian\u00e7a ou adolescente bebida alco\u00f3lica, ficando o transgressor [&hellip;]<\/p>","protected":false},"author":5,"featured_media":0,"parent":648,"menu_order":0,"comment_status":"closed","ping_status":"closed","template":"","meta":{"footnotes":""},"class_list":["post-638","page","type-page","status-publish","hentry"],"acf":[],"_links":{"self":[{"href":"https:\/\/informalcool.org.br\/es\/wp-json\/wp\/v2\/pages\/638","targetHints":{"allow":["GET"]}}],"collection":[{"href":"https:\/\/informalcool.org.br\/es\/wp-json\/wp\/v2\/pages"}],"about":[{"href":"https:\/\/informalcool.org.br\/es\/wp-json\/wp\/v2\/types\/page"}],"author":[{"embeddable":true,"href":"https:\/\/informalcool.org.br\/es\/wp-json\/wp\/v2\/users\/5"}],"replies":[{"embeddable":true,"href":"https:\/\/informalcool.org.br\/es\/wp-json\/wp\/v2\/comments?post=638"}],"version-history":[{"count":187,"href":"https:\/\/informalcool.org.br\/es\/wp-json\/wp\/v2\/pages\/638\/revisions"}],"predecessor-version":[{"id":4849,"href":"https:\/\/informalcool.org.br\/es\/wp-json\/wp\/v2\/pages\/638\/revisions\/4849"}],"up":[{"embeddable":true,"href":"https:\/\/informalcool.org.br\/es\/wp-json\/wp\/v2\/pages\/648"}],"wp:attachment":[{"href":"https:\/\/informalcool.org.br\/es\/wp-json\/wp\/v2\/media?parent=638"}],"curies":[{"name":"wp","href":"https:\/\/api.w.org\/{rel}","templated":true}]}}